{"id":223,"date":"2023-01-12T10:13:02","date_gmt":"2023-01-12T10:13:02","guid":{"rendered":"https:\/\/lakeside.lu\/reservez\/"},"modified":"2023-01-19T12:45:25","modified_gmt":"2023-01-19T12:45:25","slug":"reservieren","status":"publish","type":"page","link":"https:\/\/lakeside.lu\/de\/reservieren\/","title":{"rendered":"Reservieren"},"content":{"rendered":"<section class=\"wpb-content-wrapper\"><p>[vc_section el_id=&#8220;contact-sec&#8220;][vc_row el_id=&#8220;contact-desc-mob&#8220;][vc_column][vc_column_text]<\/p>\n<h1 class=\"white upper\"><span class=\"highlighted\">Reservieren<\/span><\/h1>\n<div class=\"shift-block-content bot-pad-2\">\n<p>Kontaktieren Sie uns, um Ihren Tisch im Lakeside zu reservieren. Auf der Speisekarte steht eine kreative K\u00fcche mit vielen \u00dcberraschungen, sowohl im Saal als auch auf Ihrem Teller. Jedes Gericht verspricht eine Explosion von Geschmack und kulinarischen Entdeckungen.<\/p>\n<p>Unsere Inspirationen? Luxemburg und die Gro\u00dfregion, wo unser K\u00fcchenchef direkt bei den Erzeugern einkauft. Unser Konzept? Ihnen ein einzigartiges Erlebnis in einem au\u00dfergew\u00f6hnlichen Rahmen bieten. Animationen und kulinarisches Entertainment sind mit von der Partie.<\/p>\n<\/div>\n<p>[\/vc_column_text][\/vc_column][\/vc_row][vc_row el_id=&#8220;contact-map-row&#8220;][vc_column width=&#8220;3\/4&#8243;][\/vc_column][vc_column width=&#8220;1\/4&#8243;][\/vc_column][\/vc_row][vc_row el_id=&#8220;contact-desc&#8220;][vc_column][vc_column_text]<\/p>\n<h1 class=\"white upper\"><span class=\"highlighted\">Reservieren<\/span><\/h1>\n<div class=\"shift-block-content bot-pad-2\">\n<p>Kontaktieren Sie uns, um Ihren Tisch im Lakeside zu reservieren. Auf der Speisekarte steht eine kreative K\u00fcche mit vielen \u00dcberraschungen, sowohl im Saal als auch auf Ihrem Teller. Jedes Gericht verspricht eine Explosion von Geschmack und kulinarischen Entdeckungen.<\/p>\n<p>Unsere Inspirationen? Luxemburg und die Gro\u00dfregion, wo unser K\u00fcchenchef direkt bei den Erzeugern einkauft. Unser Konzept? Ihnen ein einzigartiges Erlebnis in einem au\u00dfergew\u00f6hnlichen Rahmen bieten. Animationen und kulinarisches Entertainment sind mit von der Partie.<\/p>\n<\/div>\n<p>[\/vc_column_text][\/vc_column][\/vc_row][\/vc_section]<\/p>\n<\/section>","protected":false},"excerpt":{"rendered":"<p>[vc_section el_id=&#8220;contact-sec&#8220;][vc_row el_id=&#8220;contact-desc-mob&#8220;][vc_column][vc_column_text] Reservieren Kontaktieren Sie uns, um Ihren Tisch im Lakeside zu reservieren. Auf der Speisekarte steht eine kreative K\u00fcche mit vielen \u00dcberraschungen, sowohl im<span class=\"excerpt-hellip\"> [\u2026]<\/span><\/p>\n","protected":false},"author":1,"featured_media":0,"parent":0,"menu_order":0,"comment_status":"closed","ping_status":"closed","template":"","meta":{"footnotes":""},"class_list":["post-223","page","type-page","status-publish","hentry"],"yoast_head":"<!-- This site is optimized with the Yoast SEO plugin v20.8 - https:\/\/yoast.com\/wordpress\/plugins\/seo\/ -->\n<title>Reservieren - Lakeside<\/title>\n<meta name=\"robots\" content=\"index, follow, max-snippet:-1, max-image-preview:large, max-video-preview:-1\" \/>\n<link rel=\"canonical\" href=\"https:\/\/lakeside.lu\/de\/reservieren\/\" \/>\n<meta property=\"og:locale\" content=\"de_DE\" \/>\n<meta property=\"og:type\" content=\"article\" \/>\n<meta property=\"og:title\" content=\"Reservieren - Lakeside\" \/>\n<meta property=\"og:description\" content=\"[vc_section el_id=&#8220;contact-sec&#8220;][vc_row el_id=&#8220;contact-desc-mob&#8220;][vc_column][vc_column_text] Reservieren Kontaktieren Sie uns, um Ihren Tisch im Lakeside zu reservieren. Auf der Speisekarte steht eine kreative K\u00fcche mit vielen \u00dcberraschungen, sowohl im [\u2026]\" \/>\n<meta property=\"og:url\" content=\"https:\/\/lakeside.lu\/de\/reservieren\/\" \/>\n<meta property=\"og:site_name\" content=\"Lakeside\" \/>\n<meta property=\"article:modified_time\" content=\"2023-01-19T12:45:25+00:00\" \/>\n<meta name=\"twitter:card\" content=\"summary_large_image\" \/>\n<meta name=\"twitter:label1\" content=\"Gesch\u00e4tzte Lesezeit\" \/>\n\t<meta name=\"twitter:data1\" content=\"1\u00a0Minute\" \/>\n<script type=\"application\/ld+json\" class=\"yoast-schema-graph\">{\"@context\":\"https:\/\/schema.org\",\"@graph\":[{\"@type\":\"WebPage\",\"@id\":\"https:\/\/lakeside.lu\/de\/reservieren\/\",\"url\":\"https:\/\/lakeside.lu\/de\/reservieren\/\",\"name\":\"Reservieren - Lakeside\",\"isPartOf\":{\"@id\":\"https:\/\/lakeside.lu\/#website\"},\"datePublished\":\"2023-01-12T10:13:02+00:00\",\"dateModified\":\"2023-01-19T12:45:25+00:00\",\"breadcrumb\":{\"@id\":\"https:\/\/lakeside.lu\/de\/reservieren\/#breadcrumb\"},\"inLanguage\":\"de\",\"potentialAction\":[{\"@type\":\"ReadAction\",\"target\":[\"https:\/\/lakeside.lu\/de\/reservieren\/\"]}]},{\"@type\":\"BreadcrumbList\",\"@id\":\"https:\/\/lakeside.lu\/de\/reservieren\/#breadcrumb\",\"itemListElement\":[{\"@type\":\"ListItem\",\"position\":1,\"name\":\"Home\",\"item\":\"https:\/\/lakeside.lu\/de\/\"},{\"@type\":\"ListItem\",\"position\":2,\"name\":\"Reservieren\"}]},{\"@type\":\"WebSite\",\"@id\":\"https:\/\/lakeside.lu\/#website\",\"url\":\"https:\/\/lakeside.lu\/\",\"name\":\"Lakeside\",\"description\":\"\",\"potentialAction\":[{\"@type\":\"SearchAction\",\"target\":{\"@type\":\"EntryPoint\",\"urlTemplate\":\"https:\/\/lakeside.lu\/?s={search_term_string}\"},\"query-input\":\"required name=search_term_string\"}],\"inLanguage\":\"de\"}]}<\/script>\n<!-- \/ Yoast SEO plugin. -->","yoast_head_json":{"title":"Reservieren - Lakeside","robots":{"index":"index","follow":"follow","max-snippet":"max-snippet:-1","max-image-preview":"max-image-preview:large","max-video-preview":"max-video-preview:-1"},"canonical":"https:\/\/lakeside.lu\/de\/reservieren\/","og_locale":"de_DE","og_type":"article","og_title":"Reservieren - Lakeside","og_description":"[vc_section el_id=&#8220;contact-sec&#8220;][vc_row el_id=&#8220;contact-desc-mob&#8220;][vc_column][vc_column_text] Reservieren Kontaktieren Sie uns, um Ihren Tisch im Lakeside zu reservieren. Auf der Speisekarte steht eine kreative K\u00fcche mit vielen \u00dcberraschungen, sowohl im [\u2026]","og_url":"https:\/\/lakeside.lu\/de\/reservieren\/","og_site_name":"Lakeside","article_modified_time":"2023-01-19T12:45:25+00:00","twitter_card":"summary_large_image","twitter_misc":{"Gesch\u00e4tzte Lesezeit":"1\u00a0Minute"},"schema":{"@context":"https:\/\/schema.org","@graph":[{"@type":"WebPage","@id":"https:\/\/lakeside.lu\/de\/reservieren\/","url":"https:\/\/lakeside.lu\/de\/reservieren\/","name":"Reservieren - Lakeside","isPartOf":{"@id":"https:\/\/lakeside.lu\/#website"},"datePublished":"2023-01-12T10:13:02+00:00","dateModified":"2023-01-19T12:45:25+00:00","breadcrumb":{"@id":"https:\/\/lakeside.lu\/de\/reservieren\/#breadcrumb"},"inLanguage":"de","potentialAction":[{"@type":"ReadAction","target":["https:\/\/lakeside.lu\/de\/reservieren\/"]}]},{"@type":"BreadcrumbList","@id":"https:\/\/lakeside.lu\/de\/reservieren\/#breadcrumb","itemListElement":[{"@type":"ListItem","position":1,"name":"Home","item":"https:\/\/lakeside.lu\/de\/"},{"@type":"ListItem","position":2,"name":"Reservieren"}]},{"@type":"WebSite","@id":"https:\/\/lakeside.lu\/#website","url":"https:\/\/lakeside.lu\/","name":"Lakeside","description":"","potentialAction":[{"@type":"SearchAction","target":{"@type":"EntryPoint","urlTemplate":"https:\/\/lakeside.lu\/?s={search_term_string}"},"query-input":"required name=search_term_string"}],"inLanguage":"de"}]}},"_links":{"self":[{"href":"https:\/\/lakeside.lu\/de\/wp-json\/wp\/v2\/pages\/223","targetHints":{"allow":["GET"]}}],"collection":[{"href":"https:\/\/lakeside.lu\/de\/wp-json\/wp\/v2\/pages"}],"about":[{"href":"https:\/\/lakeside.lu\/de\/wp-json\/wp\/v2\/types\/page"}],"author":[{"embeddable":true,"href":"https:\/\/lakeside.lu\/de\/wp-json\/wp\/v2\/users\/1"}],"replies":[{"embeddable":true,"href":"https:\/\/lakeside.lu\/de\/wp-json\/wp\/v2\/comments?post=223"}],"version-history":[{"count":3,"href":"https:\/\/lakeside.lu\/de\/wp-json\/wp\/v2\/pages\/223\/revisions"}],"predecessor-version":[{"id":281,"href":"https:\/\/lakeside.lu\/de\/wp-json\/wp\/v2\/pages\/223\/revisions\/281"}],"wp:attachment":[{"href":"https:\/\/lakeside.lu\/de\/wp-json\/wp\/v2\/media?parent=223"}],"curies":[{"name":"wp","href":"https:\/\/api.w.org\/{rel}","templated":true}]}}