{"id":226,"date":"2023-01-12T10:13:47","date_gmt":"2023-01-12T10:13:47","guid":{"rendered":"https:\/\/lakeside.lu\/jobs\/"},"modified":"2023-02-01T07:34:56","modified_gmt":"2023-02-01T07:34:56","slug":"jobs","status":"publish","type":"page","link":"https:\/\/lakeside.lu\/de\/jobs\/","title":{"rendered":"Jobs"},"content":{"rendered":"<section class=\"wpb-content-wrapper\"><p>[vc_section el_id=&#8220;intro&#8220;][vc_row][vc_column][vc_single_image image=&#8220;200&#8243; img_size=&#8220;full&#8220; alignment=&#8220;center&#8220; el_class=&#8220;no-space-img&#8220;][\/vc_column][\/vc_row][vc_row el_id=&#8220;intro-content&#8220;][vc_column][vc_column_text]<\/p>\n<h1 class=\"intro-heading upper\">Jobs<\/h1>\n<p>[\/vc_column_text][\/vc_column][\/vc_row][\/vc_section][vc_section][vc_row][vc_column width=&#8220;1\/2&#8243;][vc_column_text el_class=&#8220;shift-block&#8220; css=&#8220;.vc_custom_1675235550981{margin-bottom: 0px !important;}&#8220;]<\/p>\n<h2 class=\"white upper\"><span class=\"highlighted\">Service<\/span><\/h2>\n<div class=\"shift-block-content bot-pad-2\">\n<p><strong>Zur Verst\u00e4rkung des Serviceteams sucht das Restaurant Lakeside in Echternach eine\/n: Kellner\/in (m\/w).<\/strong><\/p>\n<p class=\"left-mar-1\">G\u00e4ste empfangen und f\u00fcr deren \u201eWohlergehen\u201c sorgen.<br \/>\nKoordination und Sicherstellung des reibungslosen Service-Ablaufs.<br \/>\nFachliche Beratung unserer anspruchsvollen G\u00e4ste.<br \/>\nMise en Place rund um den Service.<br \/>\nG\u00e4stebetreuung und Handhabung von Beschwerden.<br \/>\nOrdnungsgem\u00e4\u00dfes und verantwortungsbewusstes F\u00fchren der Kasse.<\/p>\n<p class=\"colored\">Dein Profil:<\/p>\n<p class=\"left-mar-1\">Abgeschlossene gastronomische Ausbildung (w\u00fcnschenswert, aber kein muss).<br \/>\nEinschl\u00e4gige Berufserfahrung im gehobenen Service.<br \/>\nKenntnisse im Bereich Wein und Spirituosen.<br \/>\nTeamplayer.<br \/>\nWirtschaftliches Denken.<br \/>\nFlexible Einsatzbereitschaft.<br \/>\nProfessionelles Auftreten und exzellenter Kommunikationsstil sind f\u00fcr Sie selbstverst\u00e4ndlich.<br \/>\nRuhiges, strukturiertes und umsichtiges Arbeiten.<br \/>\nF\u00e4higkeit eigene Strukturen zu bilden.<\/p>\n<p class=\"colored\">Wir bieten:<\/p>\n<p class=\"left-mar-1\">Ein angenehmes Arbeitsumfeld.<br \/>\nUmkleide-\/Breakroom.<br \/>\nErstklassige Arbeitsausr\u00fcstung.<br \/>\nEinen sicheren Arbeitsplatz.<br \/>\nTeamgeist und Gruppendynamik.<br \/>\nFaire Arbeitsvertr\u00e4ge, die allen gesetzlichen Bestimmungen entsprechen.<br \/>\nKarriereentwicklung durch Leistungsprinzip.<\/p>\n<\/div>\n<p>[\/vc_column_text][\/vc_column][vc_column width=&#8220;1\/2&#8243;][vc_column_text el_class=&#8220;shift-block&#8220; css=&#8220;.vc_custom_1675236771660{margin-bottom: 0px !important;}&#8220;]<\/p>\n<h2 class=\"white upper\"><span class=\"highlighted\">Bar<\/span><\/h2>\n<div class=\"shift-block-content bot-pad-2\">\n<p><strong>Zur Verst\u00e4rkung des Bar-Teams sucht das Restaurant Lakeside in Echternach eine\/n: Barman \/ Barmaid (m\/w).<\/strong><\/p>\n<p class=\"left-mar-1\">Begr\u00fc\u00dfen und Bedienen der G\u00e4ste.<br \/>\nFachgerechte Zubereitung Beratung und Verkauf von Wein, Cocktails und verschiedenen Getr\u00e4nken auf Anfrage.<br \/>\nVersorgung und Platzierung an der Bar.<br \/>\nEinhalten der Hygienevorschriften am Arbeitsplatz.<br \/>\nSorgsamer Umgang mit Bar\/Restaurantausstattung.<\/p>\n<p class=\"colored\">Dein Profil:<\/p>\n<p class=\"left-mar-1\">Abgeschlossene gastronomische Ausbildung (w\u00fcnschenswert, aber kein muss).<br \/>\nEinschl\u00e4gige Berufserfahrung im Bereich Wein und Bar.<br \/>\nWirtschaftliches Denken.<br \/>\nTeamplayer.<br \/>\nFlexible Einsatzbereitschaft.<br \/>\nProfessionelles Auftreten und exzellenter Kommunikationsstil sind f\u00fcr Sie selbstverst\u00e4ndlich.<br \/>\nRuhiges, strukturiertes und umsichtiges Arbeiten.<br \/>\nF\u00e4higkeit eigene Strukturen zu bilden.<\/p>\n<p class=\"colored\">Wir bieten:<\/p>\n<p class=\"left-mar-1\">Ein angenehmes Arbeitsumfeld.<br \/>\nUmkleide-\/Breakroom.<br \/>\nErstklassige Arbeitsausr\u00fcstung.<br \/>\nEinen sicheren Arbeitsplatz.<br \/>\nTeamgeist und Gruppendynamik.<br \/>\nFaire Arbeitsvertr\u00e4ge, die allen gesetzlichen Bestimmungen entsprechen.<br \/>\nKarriereentwicklung durch Leistungsprinzip.<\/p>\n<\/div>\n<p>[\/vc_column_text][\/vc_column][\/vc_row][vc_row][vc_column width=&#8220;1\/2&#8243;][vc_column_text el_class=&#8220;shift-block&#8220; css=&#8220;.vc_custom_1675236893403{margin-bottom: 0px !important;}&#8220;]<\/p>\n<h2 class=\"white upper\"><span class=\"highlighted\">P\u00e2tissier<\/span><\/h2>\n<div class=\"shift-block-content bot-pad-2\">\n<p><strong>Ab sofort suchen wir Dich als P\u00e2tissier\/P\u00e2tissi\u00e8re<\/strong><\/p>\n<p class=\"colored\">Deine Aufgaben:<\/p>\n<p class=\"left-mar-1\">Vor- und Zubereitung unserer und Desserts.<br \/>\nSelbstst\u00e4ndiges managen Deines Arbeitsbereichs.<br \/>\nWarenbestellung und Wareneingangskontrolle.<br \/>\n\u00dcberwachung der Hygienestandards.<\/p>\n<p class=\"colored\">Dein Profil:<\/p>\n<p class=\"left-mar-1\">Abgeschlossene gastronomische Ausbildung.<br \/>\nEinschl\u00e4gige Berufserfahrung im Bereich Konditorei &amp; Patisserie.<br \/>\nMindestens zwei Jahre Erfahrung in dieser Position.<br \/>\nWirtschaftliches Denken.<br \/>\nTeamplayer.<br \/>\nFlexible Einsatzbereitschaft.<br \/>\nProfessionelles Auftreten und exzellenter Kommunikationsstil sind f\u00fcr Sie selbstverst\u00e4ndlich.<br \/>\nRuhiges, strukturiertes und umsichtiges Arbeiten.<br \/>\nF\u00e4higkeit eigene Strukturen zu bilden.<\/p>\n<p class=\"colored\">Wir bieten:<\/p>\n<p class=\"left-mar-1\">Ein angenehmes Arbeitsumfeld.<br \/>\nUmkleide-\/Breakroom.<br \/>\nErstklassige Arbeitsausr\u00fcstung.<br \/>\nEinen sicheren Arbeitsplatz.<br \/>\nTeamgeist und Gruppendynamik.<br \/>\nFaire Arbeitsvertr\u00e4ge, die allen gesetzlichen Bestimmungen entsprechen.<br \/>\nKarriereentwicklung durch Leistungsprinzip.<\/p>\n<\/div>\n<p>[\/vc_column_text][\/vc_column][vc_column width=&#8220;1\/2&#8243;][\/vc_column][\/vc_row][\/vc_section][vc_section css=&#8220;.vc_custom_1673601622777{background-color: #148a91 !important;}&#8220;][vc_row][vc_column][vc_column_text el_class=&#8220;al-center&#8220;]<\/p>\n<h3 id=\"canditarure-head\" class=\"upper\">Bewerbung an:<\/h3>\n<p>[\/vc_column_text][\/vc_column][\/vc_row][vc_row equal_height=&#8220;yes&#8220; content_placement=&#8220;middle&#8220; el_id=&#8220;candidature-info-row&#8220;][vc_column width=&#8220;1\/5&#8243;][\/vc_column][vc_column width=&#8220;1\/5&#8243;][vc_column_text]<\/p>\n<div class=\"shift-block-content\">hr@lakeside.lu<\/div>\n<p>[\/vc_column_text][\/vc_column][vc_column width=&#8220;1\/5&#8243;][vc_column_text el_class=&#8220;al-center&#8220;]<\/p>\n<h4 id=\"candidature-center-head\" class=\"white upper\">Oder<\/h4>\n<p>[\/vc_column_text][\/vc_column][vc_column width=&#8220;1\/5&#8243;][vc_column_text]<\/p>\n<div class=\"shift-block-content\">Loeschen s.\u00e0 r.l.<br \/>\n1, ale Biergwee<br \/>\nL-6586 Steinheim<br \/>\n+352 26 72 10 03<br \/>\nwww.lakeside.lu<\/div>\n<p>[\/vc_column_text][\/vc_column][vc_column width=&#8220;1\/5&#8243;][\/vc_column][\/vc_row][\/vc_section]<\/p>\n<\/section>","protected":false},"excerpt":{"rendered":"<p>[vc_section el_id=&#8220;intro&#8220;][vc_row][vc_column][vc_single_image image=&#8220;200&#8243; img_size=&#8220;full&#8220; alignment=&#8220;center&#8220; el_class=&#8220;no-space-img&#8220;][\/vc_column][\/vc_row][vc_row el_id=&#8220;intro-content&#8220;][vc_column][vc_column_text] Jobs [\/vc_column_text][\/vc_column][\/vc_row][\/vc_section][vc_section][vc_row][vc_column width=&#8220;1\/2&#8243;][vc_column_text el_class=&#8220;shift-block&#8220; css=&#8220;.vc_custom_1675235550981{margin-bottom: 0px !important;}&#8220;] Service Zur Verst\u00e4rkung des Serviceteams sucht das Restaurant Lakeside in Echternach eine\/n:<span class=\"excerpt-hellip\"> [\u2026]<\/span><\/p>\n","protected":false},"author":1,"featured_media":0,"parent":0,"menu_order":0,"comment_status":"closed","ping_status":"closed","template":"","meta":{"footnotes":""},"class_list":["post-226","page","type-page","status-publish","hentry"],"yoast_head":"<!-- This site is optimized with the Yoast SEO plugin v20.8 - https:\/\/yoast.com\/wordpress\/plugins\/seo\/ -->\n<title>Jobs - Lakeside<\/title>\n<meta name=\"robots\" content=\"index, follow, max-snippet:-1, max-image-preview:large, max-video-preview:-1\" \/>\n<link rel=\"canonical\" href=\"https:\/\/lakeside.lu\/de\/jobs\/\" \/>\n<meta property=\"og:locale\" content=\"de_DE\" \/>\n<meta property=\"og:type\" content=\"article\" \/>\n<meta property=\"og:title\" content=\"Jobs - Lakeside\" \/>\n<meta property=\"og:description\" content=\"[vc_section el_id=&#8220;intro&#8220;][vc_row][vc_column][vc_single_image image=&#8220;200&#8243; img_size=&#8220;full&#8220; alignment=&#8220;center&#8220; el_class=&#8220;no-space-img&#8220;][\/vc_column][\/vc_row][vc_row el_id=&#8220;intro-content&#8220;][vc_column][vc_column_text] Jobs [\/vc_column_text][\/vc_column][\/vc_row][\/vc_section][vc_section][vc_row][vc_column width=&#8220;1\/2&#8243;][vc_column_text el_class=&#8220;shift-block&#8220; css=&#8220;.vc_custom_1675235550981{margin-bottom: 0px !important;}&#8220;] Service Zur Verst\u00e4rkung des Serviceteams sucht das Restaurant Lakeside in Echternach eine\/n: [\u2026]\" \/>\n<meta property=\"og:url\" content=\"https:\/\/lakeside.lu\/de\/jobs\/\" \/>\n<meta property=\"og:site_name\" content=\"Lakeside\" \/>\n<meta property=\"article:modified_time\" content=\"2023-02-01T07:34:56+00:00\" \/>\n<meta name=\"twitter:card\" content=\"summary_large_image\" \/>\n<meta name=\"twitter:label1\" content=\"Gesch\u00e4tzte Lesezeit\" \/>\n\t<meta name=\"twitter:data1\" content=\"2\u00a0Minuten\" \/>\n<script type=\"application\/ld+json\" class=\"yoast-schema-graph\">{\"@context\":\"https:\/\/schema.org\",\"@graph\":[{\"@type\":\"WebPage\",\"@id\":\"https:\/\/lakeside.lu\/de\/jobs\/\",\"url\":\"https:\/\/lakeside.lu\/de\/jobs\/\",\"name\":\"Jobs - Lakeside\",\"isPartOf\":{\"@id\":\"https:\/\/lakeside.lu\/#website\"},\"datePublished\":\"2023-01-12T10:13:47+00:00\",\"dateModified\":\"2023-02-01T07:34:56+00:00\",\"breadcrumb\":{\"@id\":\"https:\/\/lakeside.lu\/de\/jobs\/#breadcrumb\"},\"inLanguage\":\"de\",\"potentialAction\":[{\"@type\":\"ReadAction\",\"target\":[\"https:\/\/lakeside.lu\/de\/jobs\/\"]}]},{\"@type\":\"BreadcrumbList\",\"@id\":\"https:\/\/lakeside.lu\/de\/jobs\/#breadcrumb\",\"itemListElement\":[{\"@type\":\"ListItem\",\"position\":1,\"name\":\"Home\",\"item\":\"https:\/\/lakeside.lu\/de\/\"},{\"@type\":\"ListItem\",\"position\":2,\"name\":\"Jobs\"}]},{\"@type\":\"WebSite\",\"@id\":\"https:\/\/lakeside.lu\/#website\",\"url\":\"https:\/\/lakeside.lu\/\",\"name\":\"Lakeside\",\"description\":\"\",\"potentialAction\":[{\"@type\":\"SearchAction\",\"target\":{\"@type\":\"EntryPoint\",\"urlTemplate\":\"https:\/\/lakeside.lu\/?s={search_term_string}\"},\"query-input\":\"required name=search_term_string\"}],\"inLanguage\":\"de\"}]}<\/script>\n<!-- \/ Yoast SEO plugin. -->","yoast_head_json":{"title":"Jobs - Lakeside","robots":{"index":"index","follow":"follow","max-snippet":"max-snippet:-1","max-image-preview":"max-image-preview:large","max-video-preview":"max-video-preview:-1"},"canonical":"https:\/\/lakeside.lu\/de\/jobs\/","og_locale":"de_DE","og_type":"article","og_title":"Jobs - Lakeside","og_description":"[vc_section el_id=&#8220;intro&#8220;][vc_row][vc_column][vc_single_image image=&#8220;200&#8243; img_size=&#8220;full&#8220; alignment=&#8220;center&#8220; el_class=&#8220;no-space-img&#8220;][\/vc_column][\/vc_row][vc_row el_id=&#8220;intro-content&#8220;][vc_column][vc_column_text] Jobs [\/vc_column_text][\/vc_column][\/vc_row][\/vc_section][vc_section][vc_row][vc_column width=&#8220;1\/2&#8243;][vc_column_text el_class=&#8220;shift-block&#8220; css=&#8220;.vc_custom_1675235550981{margin-bottom: 0px !important;}&#8220;] Service Zur Verst\u00e4rkung des Serviceteams sucht das Restaurant Lakeside in Echternach eine\/n: [\u2026]","og_url":"https:\/\/lakeside.lu\/de\/jobs\/","og_site_name":"Lakeside","article_modified_time":"2023-02-01T07:34:56+00:00","twitter_card":"summary_large_image","twitter_misc":{"Gesch\u00e4tzte Lesezeit":"2\u00a0Minuten"},"schema":{"@context":"https:\/\/schema.org","@graph":[{"@type":"WebPage","@id":"https:\/\/lakeside.lu\/de\/jobs\/","url":"https:\/\/lakeside.lu\/de\/jobs\/","name":"Jobs - Lakeside","isPartOf":{"@id":"https:\/\/lakeside.lu\/#website"},"datePublished":"2023-01-12T10:13:47+00:00","dateModified":"2023-02-01T07:34:56+00:00","breadcrumb":{"@id":"https:\/\/lakeside.lu\/de\/jobs\/#breadcrumb"},"inLanguage":"de","potentialAction":[{"@type":"ReadAction","target":["https:\/\/lakeside.lu\/de\/jobs\/"]}]},{"@type":"BreadcrumbList","@id":"https:\/\/lakeside.lu\/de\/jobs\/#breadcrumb","itemListElement":[{"@type":"ListItem","position":1,"name":"Home","item":"https:\/\/lakeside.lu\/de\/"},{"@type":"ListItem","position":2,"name":"Jobs"}]},{"@type":"WebSite","@id":"https:\/\/lakeside.lu\/#website","url":"https:\/\/lakeside.lu\/","name":"Lakeside","description":"","potentialAction":[{"@type":"SearchAction","target":{"@type":"EntryPoint","urlTemplate":"https:\/\/lakeside.lu\/?s={search_term_string}"},"query-input":"required name=search_term_string"}],"inLanguage":"de"}]}},"_links":{"self":[{"href":"https:\/\/lakeside.lu\/de\/wp-json\/wp\/v2\/pages\/226","targetHints":{"allow":["GET"]}}],"collection":[{"href":"https:\/\/lakeside.lu\/de\/wp-json\/wp\/v2\/pages"}],"about":[{"href":"https:\/\/lakeside.lu\/de\/wp-json\/wp\/v2\/types\/page"}],"author":[{"embeddable":true,"href":"https:\/\/lakeside.lu\/de\/wp-json\/wp\/v2\/users\/1"}],"replies":[{"embeddable":true,"href":"https:\/\/lakeside.lu\/de\/wp-json\/wp\/v2\/comments?post=226"}],"version-history":[{"count":4,"href":"https:\/\/lakeside.lu\/de\/wp-json\/wp\/v2\/pages\/226\/revisions"}],"predecessor-version":[{"id":337,"href":"https:\/\/lakeside.lu\/de\/wp-json\/wp\/v2\/pages\/226\/revisions\/337"}],"wp:attachment":[{"href":"https:\/\/lakeside.lu\/de\/wp-json\/wp\/v2\/media?parent=226"}],"curies":[{"name":"wp","href":"https:\/\/api.w.org\/{rel}","templated":true}]}}