{"id":230,"date":"2023-01-12T10:11:48","date_gmt":"2023-01-12T10:11:48","guid":{"rendered":"https:\/\/lakeside.lu\/evenements\/"},"modified":"2023-09-15T06:48:20","modified_gmt":"2023-09-15T06:48:20","slug":"events","status":"publish","type":"page","link":"https:\/\/lakeside.lu\/de\/events\/","title":{"rendered":"Events"},"content":{"rendered":"<section class=\"wpb-content-wrapper\"><p>[vc_section el_id=&#8220;intro&#8220;][vc_row][vc_column][vc_single_image image=&#8220;289&#8243; img_size=&#8220;full&#8220; alignment=&#8220;center&#8220; el_class=&#8220;no-space-img&#8220;][\/vc_column][\/vc_row][vc_row el_id=&#8220;intro-content&#8220;][vc_column][vc_column_text]<\/p>\n<h1 class=\"intro-heading upper\">Event<\/h1>\n<p>[\/vc_column_text][\/vc_column][\/vc_row][\/vc_section][vc_section el_class=&#8220;bg-sec bg-sec-left bot-mar-2 top-mar-4&#8243; css=&#8220;.vc_custom_1673527640944{background-image: url(\/wp-content\/uploads\/2023\/01\/Mask-Group-93.jpg?id=142) !important;}&#8220;][vc_row el_class=&#8220;mob-bg-repl-img&#8220;][vc_column][vc_single_image image=&#8220;314&#8243; img_size=&#8220;full&#8220; alignment=&#8220;center&#8220; css=&#8220;.vc_custom_1675157927877{margin-bottom: 0px !important;}&#8220;][\/vc_column][\/vc_row][vc_row][vc_column width=&#8220;3\/5&#8243;][\/vc_column][vc_column width=&#8220;2\/5&#8243; css=&#8220;.vc_custom_1673439679802{padding-right: 0px !important;padding-left: 0px !important;}&#8220;][vc_column_text el_class=&#8220;shift-block bot-mar-4&#8243;]<\/p>\n<h2 class=\"white upper\"><span class=\"highlighted\">Wir organisieren alle Ihre Veranstaltungen<\/span><\/h2>\n<div class=\"shift-block-content\">Mit seiner klaren Architektur und seiner charmanten Terrasse in herrlicher Lage am Ufer des Echternacher Sees ist das Lakeside der perfekte Ort f\u00fcr private oder gesch\u00e4ftliche Veranstaltungen &#8211; sowohl drinnen als auch drau\u00dfen. Dieser einzigartige Ort wird Ihre Veranstaltung zur Geltung bringen. Nach vorheriger Reservierung kann das Lakeside teilweise oder vollst\u00e4ndig privatisiert werden. Ein gro\u00dfer Parkplatz steht Ihnen zur Verf\u00fcgung, was die Anreise Ihrer G\u00e4ste erheblich erleichtern wird.<\/div>\n<p>[\/vc_column_text][\/vc_column][\/vc_row][\/vc_section][vc_section el_class=&#8220;bg-sec bg-sec-left bot-mar-2 top-mar-4&#8243; css=&#8220;.vc_custom_1673527710357{background-image: url(\/wp-content\/uploads\/2023\/01\/private-event.jpg?id=144) !important;}&#8220;][vc_row el_class=&#8220;mob-bg-repl-img&#8220;][vc_column][vc_single_image image=&#8220;316&#8243; img_size=&#8220;full&#8220; alignment=&#8220;center&#8220; css=&#8220;.vc_custom_1675157944291{margin-bottom: 0px !important;}&#8220;][\/vc_column][\/vc_row][vc_row][vc_column width=&#8220;3\/5&#8243;][\/vc_column][vc_column width=&#8220;2\/5&#8243; css=&#8220;.vc_custom_1673439679802{padding-right: 0px !important;padding-left: 0px !important;}&#8220;][vc_column_text el_class=&#8220;shift-block&#8220; css=&#8220;.vc_custom_1673528362476{margin-bottom: 0px !important;}&#8220;]<\/p>\n<h2 class=\"white upper\"><span class=\"highlighted\">Private Veranstaltungen<\/span><\/h2>\n<div class=\"shift-block-content\">Beeindruckendes Men\u00fc oder raffiniertes Flying Dinner? Unser Team ist in der Lage, auf alle Ihre Veranstaltungsformate einzugehen und liefert Ihnen individuelle Angebote, die auf Ihre Bed\u00fcrfnisse zugeschnitten sind.<\/div>\n<p>[\/vc_column_text][\/vc_column][\/vc_row][vc_row el_id=&#8220;private-event-sub-row&#8220;][vc_column width=&#8220;2\/3&#8243;][\/vc_column][vc_column width=&#8220;1\/3&#8243; css=&#8220;.vc_custom_1673439679802{padding-right: 0px !important;padding-left: 0px !important;}&#8220;][vc_column_text el_class=&#8220;shift-block&#8220; css=&#8220;.vc_custom_1674213448447{margin-bottom: 0px !important;}&#8220;]<\/p>\n<div class=\"shift-block-content\">\n<p>Im Inneren des Lakeside gibt es 85 Sitzpl\u00e4tze, w\u00e4hrend die Terrasse 120 Sitzpl\u00e4tze bietet.<\/p>\n<p>Um die An- und Abreise gr\u00f6\u00dferer Gruppen zu erleichtern, k\u00f6nnen wir einen Shuttle-Bus nach Luxemburg oder zu anderen Zielen in der Umgebung organisieren.<\/p>\n<p>Welche Art von Veranstaltung auch immer Sie planen, wir w\u00fcrden uns freuen, sie f\u00fcr Sie durchzuf\u00fchren!<\/p>\n<p>Schreiben Sie uns einfach an: hello@lakeside.lu und teilen Sie uns mit, welche Veranstaltung Sie organisieren m\u00f6chten.<\/p>\n<\/div>\n<p>[\/vc_column_text][\/vc_column][\/vc_row][\/vc_section][vc_section][vc_row el_class=&#8220;no-sidepad-row no-sidepad-row-4&#8243;][vc_column width=&#8220;1\/4&#8243;][vc_single_image image=&#8220;146&#8243; img_size=&#8220;full&#8220; alignment=&#8220;center&#8220; css=&#8220;.vc_custom_1673527873128{margin-bottom: 0px !important;}&#8220;][\/vc_column][vc_column width=&#8220;1\/4&#8243;][vc_single_image image=&#8220;148&#8243; img_size=&#8220;full&#8220; alignment=&#8220;center&#8220; css=&#8220;.vc_custom_1673527895026{margin-bottom: 0px !important;}&#8220;][\/vc_column][vc_column width=&#8220;1\/4&#8243;][vc_single_image image=&#8220;150&#8243; img_size=&#8220;full&#8220; alignment=&#8220;center&#8220; css=&#8220;.vc_custom_1673527921265{margin-bottom: 0px !important;}&#8220;][\/vc_column][vc_column width=&#8220;1\/4&#8243;][vc_single_image image=&#8220;152&#8243; img_size=&#8220;full&#8220; alignment=&#8220;center&#8220; css=&#8220;.vc_custom_1673527951651{margin-bottom: 0px !important;}&#8220;][\/vc_column][\/vc_row][\/vc_section][vc_section][vc_row][vc_column][vc_column_text]<\/p>\n<h1 id=\"location-head\">Location<\/h1>\n<p>[\/vc_column_text][\/vc_column][\/vc_row][vc_row][vc_column width=&#8220;1\/2&#8243;][vc_column_text el_class=&#8220;shift-block&#8220; el_id=&#8220;location-shift-block-left&#8220;]<\/p>\n<div class=\"shift-block-content\">Um die &#8222;nat\u00fcrliche&#8220; Identit\u00e4t des Ortes zu respektieren, schuf das Architekturb\u00fcro Metaform eine moderne und zeitgen\u00f6ssische Architektur, die fest mit ihrem nat\u00fcrlichen Kontext verbunden ist. Das neue Geb\u00e4ude spielt in der Tat mit den Kontrasten zwischen rohen und nat\u00fcrlichen Materialien: Holz, Naturstein, Glas, gesehener Beton und unbehandeltes Metall. Das Lakeside bietet alle M\u00f6glichkeiten der Entwicklung.<\/div>\n<p>[\/vc_column_text][vc_single_image image=&#8220;154&#8243; img_size=&#8220;full&#8220; alignment=&#8220;center&#8220; css=&#8220;.vc_custom_1673528097102{margin-bottom: 0px !important;}&#8220;][\/vc_column][vc_column width=&#8220;1\/2&#8243;][vc_row_inner el_class=&#8220;number-row&#8220;][vc_column_inner width=&#8220;1\/2&#8243;][vc_column_text]<\/p>\n<div class=\"number-head\">Das Restaurant<\/div>\n<div class=\"number-circle\">1<\/div>\n<div class=\"shift-block-content bot-pad-2\">Mit einer Kapazit\u00e4t von 120 Gedecken in einer famili\u00e4ren und entspannten Atmosph\u00e4re ist es der zentrale Punkt und der Haupttreffpunkt des Komplexes.<\/div>\n<p>[\/vc_column_text][\/vc_column_inner][vc_column_inner width=&#8220;1\/2&#8243;][vc_column_text]<\/p>\n<div class=\"number-head\">Die Treppe<\/div>\n<div class=\"number-circle\">3<\/div>\n<div class=\"shift-block-content bot-pad-2\">Dieser kann als Trib\u00fcne genutzt werden, um einen Zwischenstopp einzulegen und den Blick auf den See zu genie\u00dfen, oder auch als Amphitheater, um sommerliche Konzerte zu genie\u00dfen.<\/div>\n<p>[\/vc_column_text][\/vc_column_inner][\/vc_row_inner][vc_row_inner el_class=&#8220;number-row number-row-last&#8220;][vc_column_inner width=&#8220;1\/2&#8243;][vc_column_text]<\/p>\n<div class=\"number-head\">Die Terrasse<\/div>\n<div class=\"number-circle\">2<\/div>\n<div class=\"shift-block-content bot-pad-2\">Im Sommer wie im Winter bietet die 200 m2 gro\u00dfe, zum See hin ausgerichtete Terrasse die M\u00f6glichkeit, zahlreiche G\u00e4ste und Besucher in einem prestigetr\u00e4chtigen Rahmen zu empfangen. Sie bietet einen Panoramablick auf die umliegende Landschaft.<\/div>\n<p>[\/vc_column_text][\/vc_column_inner][vc_column_inner width=&#8220;1\/2&#8243;][vc_column_text]<\/p>\n<div class=\"number-head\">Das Roof-Top<\/div>\n<div class=\"number-circle\">4<\/div>\n<div class=\"shift-block-content bot-pad-2\">Dieser einzigartige und sehr trendige Raum kann vollst\u00e4ndig privatisiert werden. Um sein Potenzial zu maximieren, ist es m\u00f6glich, hinter dem Geb\u00e4ude ein Zelt aufzustellen und so das Dach als Terrasse mit atemberaubendem Seeblick zu nutzen.<\/div>\n<p>[\/vc_column_text][\/vc_column_inner][\/vc_row_inner][vc_row_inner el_class=&#8220;number-mob-row&#8220;][vc_column_inner][vc_column_text]<\/p>\n<div class=\"number-head\">Das Restaurant<\/div>\n<div class=\"number-circle\">1<\/div>\n<div class=\"shift-block-content bot-pad-2\">Mit einer Kapazit\u00e4t von 100 Gedecken in einer famili\u00e4ren und entspannten Atmosph\u00e4re ist es der zentrale Punkt und der Haupttreffpunkt des Komplexes.<\/div>\n<p>[\/vc_column_text][vc_column_text]<\/p>\n<div class=\"number-head\">Die Terrasse<\/div>\n<div class=\"number-circle\">2<\/div>\n<div class=\"shift-block-content bot-pad-2\">Im Sommer wie im Winter bietet die 200 m2 gro\u00dfe, zum See hin ausgerichtete Terrasse die M\u00f6glichkeit, zahlreiche G\u00e4ste und Besucher in einem prestigetr\u00e4chtigen Rahmen zu empfangen. Sie bietet einen Panoramablick auf die umliegende Landschaft.<\/div>\n<p>[\/vc_column_text][vc_column_text]<\/p>\n<div class=\"number-head\">Die Treppe<\/div>\n<div class=\"number-circle\">3<\/div>\n<div class=\"shift-block-content bot-pad-2\">Dieser kann als Trib\u00fcne genutzt werden, um einen Zwischenstopp einzulegen und den Blick auf den See zu genie\u00dfen, oder auch als Amphitheater, um sommerliche Konzerte zu genie\u00dfen.<\/div>\n<p>[\/vc_column_text][vc_column_text]<\/p>\n<div class=\"number-head\">Das Roof-Top<\/div>\n<div class=\"number-circle\">4<\/div>\n<div class=\"shift-block-content bot-pad-2\">Dieser einzigartige und sehr trendige Raum kann vollst\u00e4ndig privatisiert werden. Um sein Potenzial zu maximieren, ist es m\u00f6glich, hinter dem Geb\u00e4ude ein Zelt aufzustellen und so das Dach als Terrasse mit atemberaubendem Seeblick zu nutzen.<\/div>\n<p>[\/vc_column_text][\/vc_column_inner][\/vc_row_inner][vc_single_image image=&#8220;156&#8243; img_size=&#8220;full&#8220; alignment=&#8220;center&#8220; css=&#8220;.vc_custom_1673528145613{margin-bottom: 0px !important;}&#8220;][\/vc_column][\/vc_row][\/vc_section][vc_section el_class=&#8220;bg-sec bg-sec-right bot-mar-2&#8243; css=&#8220;.vc_custom_1675161491152{background-image: url(\/wp-content\/uploads\/2023\/01\/Mask-Group-94.jpg?id=159) !important;}&#8220; el_id=&#8220;events-prof&#8220;][vc_row el_class=&#8220;mob-bg-repl-img&#8220;][vc_column][vc_single_image image=&#8220;318&#8243; img_size=&#8220;full&#8220; alignment=&#8220;center&#8220; css=&#8220;.vc_custom_1675157959519{margin-bottom: 0px !important;}&#8220;][\/vc_column][\/vc_row][vc_row][vc_column width=&#8220;2\/5&#8243; css=&#8220;.vc_custom_1673439679802{padding-right: 0px !important;padding-left: 0px !important;}&#8220;][vc_column_text el_class=&#8220;shift-block&#8220; css=&#8220;.vc_custom_1673530439783{margin-bottom: 0px !important;}&#8220;]<\/p>\n<h2 class=\"white upper\"><span class=\"highlighted\">Berufliche Veranstaltungen<\/span><\/h2>\n<div class=\"shift-block-content\">Durch unsere enge Zusammenarbeit mit einem Lieferanten f\u00fcr Veranstaltungstechnik k\u00f6nnen wir den Veranstaltungsort mit hochwertigem Mobiliar ausstatten: vom Seminartisch \u00fcber den Lounge-Sessel bis hin zur Open-Air-Bar und dem Rednerpult. Dar\u00fcber hinaus k\u00f6nnen wir ein ganz unterschiedliches Ambiente schaffen: von &#8222;hyggelig&#8220; bis exotisch, von hochmodern bis k\u00fcnstlerisch und vieles mehr. Das K\u00fcchenteam geht auch gerne auf Ihre pers\u00f6nlichen W\u00fcnsche ein, damit das Ambiente und die Kochkunst ein stimmiges Ganzes bilden.<\/div>\n<p>[\/vc_column_text][\/vc_column][vc_column width=&#8220;3\/5&#8243;][\/vc_column][\/vc_row][vc_row el_class=&#8220;no-sidepad-row&#8220;][vc_column width=&#8220;1\/4&#8243;][vc_single_image image=&#8220;161&#8243; img_size=&#8220;full&#8220; el_class=&#8220;no-space-img&#8220;][\/vc_column][vc_column width=&#8220;3\/4&#8243;][\/vc_column][\/vc_row][\/vc_section][vc_section][vc_row][vc_column css=&#8220;.vc_custom_1674131444276{padding-right: 0px !important;padding-left: 0px !important;}&#8220;][vc_single_image image=&#8220;277&#8243; img_size=&#8220;full&#8220; alignment=&#8220;center&#8220; css=&#8220;.vc_custom_1674131469145{margin-bottom: 0px !important;}&#8220;][\/vc_column][\/vc_row][\/vc_section]<\/p>\n<\/section>","protected":false},"excerpt":{"rendered":"<p>[vc_section el_id=&#8220;intro&#8220;][vc_row][vc_column][vc_single_image image=&#8220;289&#8243; img_size=&#8220;full&#8220; alignment=&#8220;center&#8220; el_class=&#8220;no-space-img&#8220;][\/vc_column][\/vc_row][vc_row el_id=&#8220;intro-content&#8220;][vc_column][vc_column_text] Event [\/vc_column_text][\/vc_column][\/vc_row][\/vc_section][vc_section el_class=&#8220;bg-sec bg-sec-left bot-mar-2 top-mar-4&#8243; css=&#8220;.vc_custom_1673527640944{background-image: url(\/wp-content\/uploads\/2023\/01\/Mask-Group-93.jpg?id=142) !important;}&#8220;][vc_row el_class=&#8220;mob-bg-repl-img&#8220;][vc_column][vc_single_image image=&#8220;314&#8243; img_size=&#8220;full&#8220; alignment=&#8220;center&#8220; css=&#8220;.vc_custom_1675157927877{margin-bottom: 0px !important;}&#8220;][\/vc_column][\/vc_row][vc_row][vc_column width=&#8220;3\/5&#8243;][\/vc_column][vc_column width=&#8220;2\/5&#8243; css=&#8220;.vc_custom_1673439679802{padding-right:<span class=\"excerpt-hellip\"> [\u2026]<\/span><\/p>\n","protected":false},"author":1,"featured_media":0,"parent":0,"menu_order":0,"comment_status":"closed","ping_status":"closed","template":"","meta":{"footnotes":""},"class_list":["post-230","page","type-page","status-publish","hentry"],"yoast_head":"<!-- This site is optimized with the Yoast SEO plugin v20.8 - https:\/\/yoast.com\/wordpress\/plugins\/seo\/ -->\n<title>Events - Lakeside<\/title>\n<meta name=\"robots\" content=\"index, follow, max-snippet:-1, max-image-preview:large, max-video-preview:-1\" \/>\n<link rel=\"canonical\" href=\"https:\/\/lakeside.lu\/de\/events\/\" \/>\n<meta property=\"og:locale\" content=\"de_DE\" \/>\n<meta property=\"og:type\" content=\"article\" \/>\n<meta property=\"og:title\" content=\"Events - Lakeside\" \/>\n<meta property=\"og:description\" content=\"[vc_section el_id=&#8220;intro&#8220;][vc_row][vc_column][vc_single_image image=&#8220;289&#8243; img_size=&#8220;full&#8220; alignment=&#8220;center&#8220; el_class=&#8220;no-space-img&#8220;][\/vc_column][\/vc_row][vc_row el_id=&#8220;intro-content&#8220;][vc_column][vc_column_text] Event [\/vc_column_text][\/vc_column][\/vc_row][\/vc_section][vc_section el_class=&#8220;bg-sec bg-sec-left bot-mar-2 top-mar-4&#8243; css=&#8220;.vc_custom_1673527640944{background-image: url(\/wp-content\/uploads\/2023\/01\/Mask-Group-93.jpg?id=142) !important;}&#8220;][vc_row el_class=&#8220;mob-bg-repl-img&#8220;][vc_column][vc_single_image image=&#8220;314&#8243; img_size=&#8220;full&#8220; alignment=&#8220;center&#8220; css=&#8220;.vc_custom_1675157927877{margin-bottom: 0px !important;}&#8220;][\/vc_column][\/vc_row][vc_row][vc_column width=&#8220;3\/5&#8243;][\/vc_column][vc_column width=&#8220;2\/5&#8243; css=&#8220;.vc_custom_1673439679802{padding-right: [\u2026]\" \/>\n<meta property=\"og:url\" content=\"https:\/\/lakeside.lu\/de\/events\/\" \/>\n<meta property=\"og:site_name\" content=\"Lakeside\" \/>\n<meta property=\"article:modified_time\" content=\"2023-09-15T06:48:20+00:00\" \/>\n<meta name=\"twitter:card\" content=\"summary_large_image\" \/>\n<meta name=\"twitter:label1\" content=\"Gesch\u00e4tzte Lesezeit\" \/>\n\t<meta name=\"twitter:data1\" content=\"4\u00a0Minuten\" \/>\n<script type=\"application\/ld+json\" class=\"yoast-schema-graph\">{\"@context\":\"https:\/\/schema.org\",\"@graph\":[{\"@type\":\"WebPage\",\"@id\":\"https:\/\/lakeside.lu\/de\/events\/\",\"url\":\"https:\/\/lakeside.lu\/de\/events\/\",\"name\":\"Events - Lakeside\",\"isPartOf\":{\"@id\":\"https:\/\/lakeside.lu\/#website\"},\"datePublished\":\"2023-01-12T10:11:48+00:00\",\"dateModified\":\"2023-09-15T06:48:20+00:00\",\"breadcrumb\":{\"@id\":\"https:\/\/lakeside.lu\/de\/events\/#breadcrumb\"},\"inLanguage\":\"de\",\"potentialAction\":[{\"@type\":\"ReadAction\",\"target\":[\"https:\/\/lakeside.lu\/de\/events\/\"]}]},{\"@type\":\"BreadcrumbList\",\"@id\":\"https:\/\/lakeside.lu\/de\/events\/#breadcrumb\",\"itemListElement\":[{\"@type\":\"ListItem\",\"position\":1,\"name\":\"Home\",\"item\":\"https:\/\/lakeside.lu\/de\/\"},{\"@type\":\"ListItem\",\"position\":2,\"name\":\"Events\"}]},{\"@type\":\"WebSite\",\"@id\":\"https:\/\/lakeside.lu\/#website\",\"url\":\"https:\/\/lakeside.lu\/\",\"name\":\"Lakeside\",\"description\":\"\",\"potentialAction\":[{\"@type\":\"SearchAction\",\"target\":{\"@type\":\"EntryPoint\",\"urlTemplate\":\"https:\/\/lakeside.lu\/?s={search_term_string}\"},\"query-input\":\"required name=search_term_string\"}],\"inLanguage\":\"de\"}]}<\/script>\n<!-- \/ Yoast SEO plugin. -->","yoast_head_json":{"title":"Events - Lakeside","robots":{"index":"index","follow":"follow","max-snippet":"max-snippet:-1","max-image-preview":"max-image-preview:large","max-video-preview":"max-video-preview:-1"},"canonical":"https:\/\/lakeside.lu\/de\/events\/","og_locale":"de_DE","og_type":"article","og_title":"Events - Lakeside","og_description":"[vc_section el_id=&#8220;intro&#8220;][vc_row][vc_column][vc_single_image image=&#8220;289&#8243; img_size=&#8220;full&#8220; alignment=&#8220;center&#8220; el_class=&#8220;no-space-img&#8220;][\/vc_column][\/vc_row][vc_row el_id=&#8220;intro-content&#8220;][vc_column][vc_column_text] Event [\/vc_column_text][\/vc_column][\/vc_row][\/vc_section][vc_section el_class=&#8220;bg-sec bg-sec-left bot-mar-2 top-mar-4&#8243; css=&#8220;.vc_custom_1673527640944{background-image: url(\/wp-content\/uploads\/2023\/01\/Mask-Group-93.jpg?id=142) !important;}&#8220;][vc_row el_class=&#8220;mob-bg-repl-img&#8220;][vc_column][vc_single_image image=&#8220;314&#8243; img_size=&#8220;full&#8220; alignment=&#8220;center&#8220; css=&#8220;.vc_custom_1675157927877{margin-bottom: 0px !important;}&#8220;][\/vc_column][\/vc_row][vc_row][vc_column width=&#8220;3\/5&#8243;][\/vc_column][vc_column width=&#8220;2\/5&#8243; css=&#8220;.vc_custom_1673439679802{padding-right: [\u2026]","og_url":"https:\/\/lakeside.lu\/de\/events\/","og_site_name":"Lakeside","article_modified_time":"2023-09-15T06:48:20+00:00","twitter_card":"summary_large_image","twitter_misc":{"Gesch\u00e4tzte Lesezeit":"4\u00a0Minuten"},"schema":{"@context":"https:\/\/schema.org","@graph":[{"@type":"WebPage","@id":"https:\/\/lakeside.lu\/de\/events\/","url":"https:\/\/lakeside.lu\/de\/events\/","name":"Events - Lakeside","isPartOf":{"@id":"https:\/\/lakeside.lu\/#website"},"datePublished":"2023-01-12T10:11:48+00:00","dateModified":"2023-09-15T06:48:20+00:00","breadcrumb":{"@id":"https:\/\/lakeside.lu\/de\/events\/#breadcrumb"},"inLanguage":"de","potentialAction":[{"@type":"ReadAction","target":["https:\/\/lakeside.lu\/de\/events\/"]}]},{"@type":"BreadcrumbList","@id":"https:\/\/lakeside.lu\/de\/events\/#breadcrumb","itemListElement":[{"@type":"ListItem","position":1,"name":"Home","item":"https:\/\/lakeside.lu\/de\/"},{"@type":"ListItem","position":2,"name":"Events"}]},{"@type":"WebSite","@id":"https:\/\/lakeside.lu\/#website","url":"https:\/\/lakeside.lu\/","name":"Lakeside","description":"","potentialAction":[{"@type":"SearchAction","target":{"@type":"EntryPoint","urlTemplate":"https:\/\/lakeside.lu\/?s={search_term_string}"},"query-input":"required name=search_term_string"}],"inLanguage":"de"}]}},"_links":{"self":[{"href":"https:\/\/lakeside.lu\/de\/wp-json\/wp\/v2\/pages\/230","targetHints":{"allow":["GET"]}}],"collection":[{"href":"https:\/\/lakeside.lu\/de\/wp-json\/wp\/v2\/pages"}],"about":[{"href":"https:\/\/lakeside.lu\/de\/wp-json\/wp\/v2\/types\/page"}],"author":[{"embeddable":true,"href":"https:\/\/lakeside.lu\/de\/wp-json\/wp\/v2\/users\/1"}],"replies":[{"embeddable":true,"href":"https:\/\/lakeside.lu\/de\/wp-json\/wp\/v2\/comments?post=230"}],"version-history":[{"count":11,"href":"https:\/\/lakeside.lu\/de\/wp-json\/wp\/v2\/pages\/230\/revisions"}],"predecessor-version":[{"id":468,"href":"https:\/\/lakeside.lu\/de\/wp-json\/wp\/v2\/pages\/230\/revisions\/468"}],"wp:attachment":[{"href":"https:\/\/lakeside.lu\/de\/wp-json\/wp\/v2\/media?parent=230"}],"curies":[{"name":"wp","href":"https:\/\/api.w.org\/{rel}","templated":true}]}}