{"id":234,"date":"2023-01-12T10:13:17","date_gmt":"2023-01-12T10:13:17","guid":{"rendered":"https:\/\/lakeside.lu\/cuisine\/"},"modified":"2024-05-15T06:36:13","modified_gmt":"2024-05-15T06:36:13","slug":"kueche","status":"publish","type":"page","link":"https:\/\/lakeside.lu\/de\/kueche\/","title":{"rendered":"K\u00fcche"},"content":{"rendered":"<section class=\"wpb-content-wrapper\"><p>[vc_section el_id=&#8220;intro&#8220;][vc_row][vc_column][vc_single_image image=&#8220;653&#8243; img_size=&#8220;full&#8220; alignment=&#8220;center&#8220; el_class=&#8220;no-space-img&#8220;][\/vc_column][\/vc_row][vc_row el_id=&#8220;intro-content&#8220;][vc_column][vc_column_text]<\/p>\n<h1 class=\"intro-heading upper\">K\u00fcche<\/h1>\n<p>[\/vc_column_text][\/vc_column][\/vc_row][\/vc_section][vc_section el_class=&#8220;bg-sec bg-sec-left bot-mar-2 top-mar-4&#8243; css=&#8220;.vc_custom_1715754971533{background-image: url(https:\/\/lakeside.lu\/wp-content\/uploads\/2024\/05\/Group-531.jpg?id=666) !important;}&#8220;][vc_row el_class=&#8220;mob-bg-repl-img&#8220;][vc_column][vc_single_image image=&#8220;666&#8243; img_size=&#8220;full&#8220; alignment=&#8220;center&#8220; css=&#8220;.vc_custom_1715754917263{margin-bottom: 0px !important;}&#8220;][\/vc_column][\/vc_row][vc_row][vc_column width=&#8220;3\/5&#8243;][\/vc_column][vc_column width=&#8220;2\/5&#8243; css=&#8220;.vc_custom_1673439679802{padding-right: 0px !important;padding-left: 0px !important;}&#8220;][vc_column_text el_class=&#8220;shift-block bot-mar-4&#8243;]<\/p>\n<h2 class=\"white upper\"><span class=\"highlighted\">Ein Genuss f\u00fcr die Sinne<\/span><\/h2>\n<div class=\"shift-block-content\">Der Blick auf den See und der Geschmacks- und Geruchssinn unserer K\u00fcche werden Sie begeistern. Unsere K\u00f6che bereiten Ihnen vielf\u00e4ltige und kreative Gerichte zu, die der Jahreszeit und der Region entsprechen.<\/div>\n<p>[\/vc_column_text][\/vc_column][\/vc_row][\/vc_section][vc_section][vc_row el_class=&#8220;no-sidepad-row no-sidepad-row-4&#8243;][vc_column width=&#8220;1\/4&#8243;][vc_column_text el_class=&#8220;colored&#8220;]Unsere Gerichte und unser Service passen zu jeder Tageszeit.[\/vc_column_text][vc_column_text el_class=&#8220;shift-block-content&#8220;]Ob Gesch\u00e4ftsessen, Nachmittagssnack oder feines Abendessen, das Lakeside wird Ihnen eine zeitgem\u00e4\u00dfe internationale K\u00fcche von h\u00f6chster Qualit\u00e4t zaubern. Lassen Sie sich von unserer Vielfalt \u00fcberraschen.[\/vc_column_text][\/vc_column][vc_column width=&#8220;1\/4&#8243;][vc_single_image image=&#8220;672&#8243; img_size=&#8220;full&#8220; alignment=&#8220;center&#8220; css=&#8220;.vc_custom_1715754942487{margin-bottom: 0px !important;}&#8220;][\/vc_column][vc_column width=&#8220;1\/4&#8243;][vc_single_image image=&#8220;674&#8243; img_size=&#8220;full&#8220; alignment=&#8220;center&#8220; css=&#8220;.vc_custom_1715754949301{margin-bottom: 0px !important;}&#8220;][\/vc_column][vc_column width=&#8220;1\/4&#8243;][vc_single_image image=&#8220;676&#8243; img_size=&#8220;full&#8220; alignment=&#8220;center&#8220; css=&#8220;.vc_custom_1715754955895{margin-bottom: 0px !important;}&#8220;][\/vc_column][\/vc_row][\/vc_section][vc_section el_class=&#8220;bg-sec bg-sec-right bot-mar-2 top-mar-4&#8243; css=&#8220;.vc_custom_1673600809116{background-image: url(\/wp-content\/uploads\/2023\/01\/Image-32.jpg?id=187) !important;}&#8220;][vc_row el_class=&#8220;mob-bg-repl-img&#8220;][vc_column][vc_single_image image=&#8220;310&#8243; img_size=&#8220;full&#8220; alignment=&#8220;center&#8220; css=&#8220;.vc_custom_1675157726620{margin-bottom: 0px !important;}&#8220;][\/vc_column][\/vc_row][vc_row][vc_column width=&#8220;2\/5&#8243; css=&#8220;.vc_custom_1673439679802{padding-right: 0px !important;padding-left: 0px !important;}&#8220;][vc_column_text el_class=&#8220;shift-block bot-mar-4&#8243;]<\/p>\n<h2 class=\"white upper\"><span class=\"highlighted\">Entdecken Sie unsere regionale und internationale K\u00fcche<\/span><\/h2>\n<div class=\"shift-block-content\">Unsere K\u00f6che bereiten Ihnen raffinierte Gerichte zu, die haupts\u00e4chlich aus saisonalen Produkten bestehen. Dar\u00fcber hinaus legen wir auch bei unseren Lieferanten gro\u00dfen Wert auf Regionalit\u00e4t. Ob K\u00e4se, Kr\u00e4uter oder Kaffee &#8211; unsere Zutaten stammen, wenn m\u00f6glich, von lokalen Bauern, Erzeugern und Lieferanten. Dasselbe gilt f\u00fcr Bier und eine gro\u00dfe Auswahl an Weinen.<\/div>\n<p>[\/vc_column_text][\/vc_column][vc_column width=&#8220;3\/5&#8243;][\/vc_column][\/vc_row][\/vc_section][vc_section][vc_row el_class=&#8220;no-sidepad-row no-sidepad-row-4&#8243;][vc_column width=&#8220;1\/4&#8243;][vc_single_image image=&#8220;189&#8243; img_size=&#8220;full&#8220; alignment=&#8220;center&#8220; css=&#8220;.vc_custom_1673600909533{margin-bottom: 0px !important;}&#8220;][\/vc_column][vc_column width=&#8220;1\/4&#8243;][vc_single_image image=&#8220;191&#8243; img_size=&#8220;full&#8220; alignment=&#8220;center&#8220; css=&#8220;.vc_custom_1673600930777{margin-bottom: 0px !important;}&#8220;][vc_column_text el_class=&#8220;shift-block-content&#8220;]Die Weltoffenheit unserer K\u00fcche spiegelt sich auch in der Weinkarte wider, die von G\u00e9rard Wengler zusammengestellt wurde. Der talentierte Weinh\u00e4ndler hat Spitzenweine aus verschiedenen Regionen der Welt und in unterschiedlichen Preiskategorien ausgew\u00e4hlt. So findet jeder Gast mit Sicherheit den passenden Wein.[\/vc_column_text][\/vc_column][vc_column width=&#8220;1\/4&#8243;][vc_single_image image=&#8220;193&#8243; img_size=&#8220;full&#8220; alignment=&#8220;center&#8220; css=&#8220;.vc_custom_1673600964050{margin-bottom: 0px !important;}&#8220; el_id=&#8220;beer-img&#8220;][vc_single_image image=&#8220;195&#8243; img_size=&#8220;full&#8220; alignment=&#8220;center&#8220; css=&#8220;.vc_custom_1673600982123{margin-bottom: 0px !important;}&#8220;][\/vc_column][vc_column width=&#8220;1\/4&#8243;][vc_single_image image=&#8220;197&#8243; img_size=&#8220;full&#8220; alignment=&#8220;center&#8220; css=&#8220;.vc_custom_1673601002290{margin-bottom: 0px !important;}&#8220;][vc_column_text el_class=&#8220;shift-block-content&#8220;]Unser Bier stammt unter anderem aus einer sehr jungen Brauerei in Echternach, die in einem ehemaligen kleinen Bahnhof untergebracht ist. Paul Wesner braut sein Bier auf traditionelle, saisonale Weise und gem\u00e4\u00df dem aktuellen Reinheitsgebot f\u00fcr Bier. Die meisten seiner beliebten Biere weisen eine nat\u00fcrliche Tr\u00fcbung auf.[\/vc_column_text][\/vc_column][\/vc_row][\/vc_section]<\/p>\n<\/section>","protected":false},"excerpt":{"rendered":"<p>[vc_section el_id=&#8220;intro&#8220;][vc_row][vc_column][vc_single_image image=&#8220;653&#8243; img_size=&#8220;full&#8220; alignment=&#8220;center&#8220; el_class=&#8220;no-space-img&#8220;][\/vc_column][\/vc_row][vc_row el_id=&#8220;intro-content&#8220;][vc_column][vc_column_text] K\u00fcche [\/vc_column_text][\/vc_column][\/vc_row][\/vc_section][vc_section el_class=&#8220;bg-sec bg-sec-left bot-mar-2 top-mar-4&#8243; css=&#8220;.vc_custom_1715754971533{background-image: url(https:\/\/lakeside.lu\/wp-content\/uploads\/2024\/05\/Group-531.jpg?id=666) !important;}&#8220;][vc_row el_class=&#8220;mob-bg-repl-img&#8220;][vc_column][vc_single_image image=&#8220;666&#8243; img_size=&#8220;full&#8220; alignment=&#8220;center&#8220; css=&#8220;.vc_custom_1715754917263{margin-bottom: 0px !important;}&#8220;][\/vc_column][\/vc_row][vc_row][vc_column width=&#8220;3\/5&#8243;][\/vc_column][vc_column width=&#8220;2\/5&#8243; css=&#8220;.vc_custom_1673439679802{padding-right:<span class=\"excerpt-hellip\"> [\u2026]<\/span><\/p>\n","protected":false},"author":1,"featured_media":0,"parent":0,"menu_order":0,"comment_status":"closed","ping_status":"closed","template":"","meta":{"footnotes":""},"class_list":["post-234","page","type-page","status-publish","hentry"],"yoast_head":"<!-- This site is optimized with the Yoast SEO plugin v20.8 - https:\/\/yoast.com\/wordpress\/plugins\/seo\/ -->\n<title>K\u00fcche - Lakeside<\/title>\n<meta name=\"robots\" content=\"index, follow, max-snippet:-1, max-image-preview:large, max-video-preview:-1\" \/>\n<link rel=\"canonical\" href=\"https:\/\/lakeside.lu\/de\/kueche\/\" \/>\n<meta property=\"og:locale\" content=\"de_DE\" \/>\n<meta property=\"og:type\" content=\"article\" \/>\n<meta property=\"og:title\" content=\"K\u00fcche - Lakeside\" \/>\n<meta property=\"og:description\" content=\"[vc_section el_id=&#8220;intro&#8220;][vc_row][vc_column][vc_single_image image=&#8220;653&#8243; img_size=&#8220;full&#8220; alignment=&#8220;center&#8220; el_class=&#8220;no-space-img&#8220;][\/vc_column][\/vc_row][vc_row el_id=&#8220;intro-content&#8220;][vc_column][vc_column_text] K\u00fcche [\/vc_column_text][\/vc_column][\/vc_row][\/vc_section][vc_section el_class=&#8220;bg-sec bg-sec-left bot-mar-2 top-mar-4&#8243; css=&#8220;.vc_custom_1715754971533{background-image: url(https:\/\/lakeside.lu\/wp-content\/uploads\/2024\/05\/Group-531.jpg?id=666) !important;}&#8220;][vc_row el_class=&#8220;mob-bg-repl-img&#8220;][vc_column][vc_single_image image=&#8220;666&#8243; img_size=&#8220;full&#8220; alignment=&#8220;center&#8220; css=&#8220;.vc_custom_1715754917263{margin-bottom: 0px !important;}&#8220;][\/vc_column][\/vc_row][vc_row][vc_column width=&#8220;3\/5&#8243;][\/vc_column][vc_column width=&#8220;2\/5&#8243; css=&#8220;.vc_custom_1673439679802{padding-right: [\u2026]\" \/>\n<meta property=\"og:url\" content=\"https:\/\/lakeside.lu\/de\/kueche\/\" \/>\n<meta property=\"og:site_name\" content=\"Lakeside\" \/>\n<meta property=\"article:modified_time\" content=\"2024-05-15T06:36:13+00:00\" \/>\n<meta name=\"twitter:card\" content=\"summary_large_image\" \/>\n<meta name=\"twitter:label1\" content=\"Gesch\u00e4tzte Lesezeit\" \/>\n\t<meta name=\"twitter:data1\" content=\"2\u00a0Minuten\" \/>\n<script type=\"application\/ld+json\" class=\"yoast-schema-graph\">{\"@context\":\"https:\/\/schema.org\",\"@graph\":[{\"@type\":\"WebPage\",\"@id\":\"https:\/\/lakeside.lu\/de\/kueche\/\",\"url\":\"https:\/\/lakeside.lu\/de\/kueche\/\",\"name\":\"K\u00fcche - Lakeside\",\"isPartOf\":{\"@id\":\"https:\/\/lakeside.lu\/#website\"},\"datePublished\":\"2023-01-12T10:13:17+00:00\",\"dateModified\":\"2024-05-15T06:36:13+00:00\",\"breadcrumb\":{\"@id\":\"https:\/\/lakeside.lu\/de\/kueche\/#breadcrumb\"},\"inLanguage\":\"de\",\"potentialAction\":[{\"@type\":\"ReadAction\",\"target\":[\"https:\/\/lakeside.lu\/de\/kueche\/\"]}]},{\"@type\":\"BreadcrumbList\",\"@id\":\"https:\/\/lakeside.lu\/de\/kueche\/#breadcrumb\",\"itemListElement\":[{\"@type\":\"ListItem\",\"position\":1,\"name\":\"Home\",\"item\":\"https:\/\/lakeside.lu\/de\/\"},{\"@type\":\"ListItem\",\"position\":2,\"name\":\"K\u00fcche\"}]},{\"@type\":\"WebSite\",\"@id\":\"https:\/\/lakeside.lu\/#website\",\"url\":\"https:\/\/lakeside.lu\/\",\"name\":\"Lakeside\",\"description\":\"\",\"potentialAction\":[{\"@type\":\"SearchAction\",\"target\":{\"@type\":\"EntryPoint\",\"urlTemplate\":\"https:\/\/lakeside.lu\/?s={search_term_string}\"},\"query-input\":\"required name=search_term_string\"}],\"inLanguage\":\"de\"}]}<\/script>\n<!-- \/ Yoast SEO plugin. -->","yoast_head_json":{"title":"K\u00fcche - Lakeside","robots":{"index":"index","follow":"follow","max-snippet":"max-snippet:-1","max-image-preview":"max-image-preview:large","max-video-preview":"max-video-preview:-1"},"canonical":"https:\/\/lakeside.lu\/de\/kueche\/","og_locale":"de_DE","og_type":"article","og_title":"K\u00fcche - Lakeside","og_description":"[vc_section el_id=&#8220;intro&#8220;][vc_row][vc_column][vc_single_image image=&#8220;653&#8243; img_size=&#8220;full&#8220; alignment=&#8220;center&#8220; el_class=&#8220;no-space-img&#8220;][\/vc_column][\/vc_row][vc_row el_id=&#8220;intro-content&#8220;][vc_column][vc_column_text] K\u00fcche [\/vc_column_text][\/vc_column][\/vc_row][\/vc_section][vc_section el_class=&#8220;bg-sec bg-sec-left bot-mar-2 top-mar-4&#8243; css=&#8220;.vc_custom_1715754971533{background-image: url(https:\/\/lakeside.lu\/wp-content\/uploads\/2024\/05\/Group-531.jpg?id=666) !important;}&#8220;][vc_row el_class=&#8220;mob-bg-repl-img&#8220;][vc_column][vc_single_image image=&#8220;666&#8243; img_size=&#8220;full&#8220; alignment=&#8220;center&#8220; css=&#8220;.vc_custom_1715754917263{margin-bottom: 0px !important;}&#8220;][\/vc_column][\/vc_row][vc_row][vc_column width=&#8220;3\/5&#8243;][\/vc_column][vc_column width=&#8220;2\/5&#8243; css=&#8220;.vc_custom_1673439679802{padding-right: [\u2026]","og_url":"https:\/\/lakeside.lu\/de\/kueche\/","og_site_name":"Lakeside","article_modified_time":"2024-05-15T06:36:13+00:00","twitter_card":"summary_large_image","twitter_misc":{"Gesch\u00e4tzte Lesezeit":"2\u00a0Minuten"},"schema":{"@context":"https:\/\/schema.org","@graph":[{"@type":"WebPage","@id":"https:\/\/lakeside.lu\/de\/kueche\/","url":"https:\/\/lakeside.lu\/de\/kueche\/","name":"K\u00fcche - Lakeside","isPartOf":{"@id":"https:\/\/lakeside.lu\/#website"},"datePublished":"2023-01-12T10:13:17+00:00","dateModified":"2024-05-15T06:36:13+00:00","breadcrumb":{"@id":"https:\/\/lakeside.lu\/de\/kueche\/#breadcrumb"},"inLanguage":"de","potentialAction":[{"@type":"ReadAction","target":["https:\/\/lakeside.lu\/de\/kueche\/"]}]},{"@type":"BreadcrumbList","@id":"https:\/\/lakeside.lu\/de\/kueche\/#breadcrumb","itemListElement":[{"@type":"ListItem","position":1,"name":"Home","item":"https:\/\/lakeside.lu\/de\/"},{"@type":"ListItem","position":2,"name":"K\u00fcche"}]},{"@type":"WebSite","@id":"https:\/\/lakeside.lu\/#website","url":"https:\/\/lakeside.lu\/","name":"Lakeside","description":"","potentialAction":[{"@type":"SearchAction","target":{"@type":"EntryPoint","urlTemplate":"https:\/\/lakeside.lu\/?s={search_term_string}"},"query-input":"required name=search_term_string"}],"inLanguage":"de"}]}},"_links":{"self":[{"href":"https:\/\/lakeside.lu\/de\/wp-json\/wp\/v2\/pages\/234","targetHints":{"allow":["GET"]}}],"collection":[{"href":"https:\/\/lakeside.lu\/de\/wp-json\/wp\/v2\/pages"}],"about":[{"href":"https:\/\/lakeside.lu\/de\/wp-json\/wp\/v2\/types\/page"}],"author":[{"embeddable":true,"href":"https:\/\/lakeside.lu\/de\/wp-json\/wp\/v2\/users\/1"}],"replies":[{"embeddable":true,"href":"https:\/\/lakeside.lu\/de\/wp-json\/wp\/v2\/comments?post=234"}],"version-history":[{"count":8,"href":"https:\/\/lakeside.lu\/de\/wp-json\/wp\/v2\/pages\/234\/revisions"}],"predecessor-version":[{"id":679,"href":"https:\/\/lakeside.lu\/de\/wp-json\/wp\/v2\/pages\/234\/revisions\/679"}],"wp:attachment":[{"href":"https:\/\/lakeside.lu\/de\/wp-json\/wp\/v2\/media?parent=234"}],"curies":[{"name":"wp","href":"https:\/\/api.w.org\/{rel}","templated":true}]}}