{"id":239,"date":"2023-01-12T10:11:28","date_gmt":"2023-01-12T10:11:28","guid":{"rendered":"https:\/\/lakeside.lu\/interieur-exterieur\/"},"modified":"2023-02-02T13:27:40","modified_gmt":"2023-02-02T13:27:40","slug":"innen-aussenbereich","status":"publish","type":"page","link":"https:\/\/lakeside.lu\/de\/innen-aussenbereich\/","title":{"rendered":"Innen-\/Au\u00dfenbereich"},"content":{"rendered":"<section class=\"wpb-content-wrapper\"><p>[vc_section el_id=&#8220;intro&#8220;][vc_row][vc_column][vc_single_image image=&#8220;122&#8243; img_size=&#8220;full&#8220; alignment=&#8220;center&#8220; el_class=&#8220;no-space-img&#8220;][\/vc_column][\/vc_row][vc_row el_id=&#8220;intro-content&#8220;][vc_column][vc_column_text]<\/p>\n<h1 class=\"intro-heading intro-heading-small upper\">Innenbereich<\/h1>\n<h1 id=\"ext-heading\" class=\"intro-heading intro-heading-small upper\">Au\u00dfenbereich<\/h1>\n<p>[\/vc_column_text][\/vc_column][\/vc_row][\/vc_section][vc_section el_class=&#8220;bg-sec bg-sec-left bot-mar-2 top-mar-4&#8243; css=&#8220;.vc_custom_1673525292276{background-image: url(\/wp-content\/uploads\/2023\/01\/Mask-Group-105.jpg?id=125) !important;}&#8220;][vc_row el_class=&#8220;mob-bg-repl-img&#8220;][vc_column][vc_single_image image=&#8220;322&#8243; img_size=&#8220;full&#8220; alignment=&#8220;center&#8220; css=&#8220;.vc_custom_1675158163448{margin-bottom: 0px !important;}&#8220;][\/vc_column][\/vc_row][vc_row][vc_column width=&#8220;3\/5&#8243;][\/vc_column][vc_column width=&#8220;2\/5&#8243; css=&#8220;.vc_custom_1673439679802{padding-right: 0px !important;padding-left: 0px !important;}&#8220;][vc_column_text el_class=&#8220;shift-block bot-mar-4&#8243;]<\/p>\n<h2 class=\"white upper\"><span class=\"highlighted\">Innenbereich<\/span><\/h2>\n<div class=\"shift-block-content\">\n<p>Die Inneneinrichtung vereint Komfort und Schlichtheit und schafft so eine entspannte und designorientierte Atmosph\u00e4re. Das Lakeside passt sich dank seiner flexiblen und modulierbaren Innenausstattung an jede Veranstaltung an.<\/p>\n<p>Die Glasfenster, die eine nat\u00fcrliche Verbindung zwischen Innen und Au\u00dfen herstellen, lassen st\u00e4ndig Tageslicht durch das Restaurant str\u00f6men. Am Abend sorgen warme Lichtquellen f\u00fcr eine warme und angenehme Atmosph\u00e4re.<\/p>\n<p>Von unserer Terrasse aus k\u00f6nnen Sie den Blick auf den See genie\u00dfen. Cocooning-Atmosph\u00e4re garantiert.<\/p>\n<\/div>\n<p>[\/vc_column_text][\/vc_column][\/vc_row][\/vc_section][vc_section][vc_row][vc_column css=&#8220;.vc_custom_1673526121443{padding-right: 0px !important;padding-left: 0px !important;}&#8220;][vc_single_image image=&#8220;128&#8243; img_size=&#8220;full&#8220; alignment=&#8220;center&#8220;][\/vc_column][\/vc_row][\/vc_section][vc_section el_class=&#8220;bg-sec bg-sec-right bot-mar-2 bot-pad-4&#8243; css=&#8220;.vc_custom_1675161236847{background-image: url(\/wp-content\/uploads\/2023\/01\/Mask-Group-108.jpg?id=130) !important;}&#8220; el_id=&#8220;exterieur&#8220;][vc_row el_class=&#8220;mob-bg-repl-img&#8220;][vc_column][vc_single_image image=&#8220;324&#8243; img_size=&#8220;full&#8220; alignment=&#8220;center&#8220; css=&#8220;.vc_custom_1675158180442{margin-bottom: 0px !important;}&#8220;][\/vc_column][\/vc_row][vc_row el_class=&#8220;bot-pad-4 bot-mar-4&#8243;][vc_column width=&#8220;2\/5&#8243; css=&#8220;.vc_custom_1673439679802{padding-right: 0px !important;padding-left: 0px !important;}&#8220;][vc_column_text el_class=&#8220;shift-block bot-mar-4 top-mar-4&#8243;]<\/p>\n<h2 class=\"white upper\"><span class=\"highlighted\">Au\u00dfenbereich<\/span><\/h2>\n<div class=\"shift-block-content bot-pad-2\">Globetrotter &#8230; Entdecken Sie diesen au\u00dfergew\u00f6hnlichen Ort sowohl durch seine nach Europa hin offene K\u00fcche als auch durch seine zum See hin offene Terrasse.<\/div>\n<p>[\/vc_column_text][\/vc_column][vc_column width=&#8220;3\/5&#8243;][\/vc_column][\/vc_row][\/vc_section][vc_section][vc_row el_class=&#8220;no-sidepad-row&#8220;][vc_column width=&#8220;1\/2&#8243;][vc_single_image image=&#8220;132&#8243; img_size=&#8220;full&#8220; alignment=&#8220;center&#8220; css=&#8220;.vc_custom_1673526258106{margin-bottom: 0px !important;}&#8220;][\/vc_column][vc_column width=&#8220;1\/2&#8243;][vc_single_image image=&#8220;134&#8243; img_size=&#8220;full&#8220; alignment=&#8220;center&#8220; css=&#8220;.vc_custom_1673526285296{margin-bottom: 0px !important;}&#8220;][\/vc_column][\/vc_row][\/vc_section]<\/p>\n<\/section>","protected":false},"excerpt":{"rendered":"<p>[vc_section el_id=&#8220;intro&#8220;][vc_row][vc_column][vc_single_image image=&#8220;122&#8243; img_size=&#8220;full&#8220; alignment=&#8220;center&#8220; el_class=&#8220;no-space-img&#8220;][\/vc_column][\/vc_row][vc_row el_id=&#8220;intro-content&#8220;][vc_column][vc_column_text] Innenbereich Au\u00dfenbereich [\/vc_column_text][\/vc_column][\/vc_row][\/vc_section][vc_section el_class=&#8220;bg-sec bg-sec-left bot-mar-2 top-mar-4&#8243; css=&#8220;.vc_custom_1673525292276{background-image: url(\/wp-content\/uploads\/2023\/01\/Mask-Group-105.jpg?id=125) !important;}&#8220;][vc_row el_class=&#8220;mob-bg-repl-img&#8220;][vc_column][vc_single_image image=&#8220;322&#8243; img_size=&#8220;full&#8220; alignment=&#8220;center&#8220; css=&#8220;.vc_custom_1675158163448{margin-bottom: 0px !important;}&#8220;][\/vc_column][\/vc_row][vc_row][vc_column width=&#8220;3\/5&#8243;][\/vc_column][vc_column width=&#8220;2\/5&#8243;<span class=\"excerpt-hellip\"> [\u2026]<\/span><\/p>\n","protected":false},"author":1,"featured_media":0,"parent":0,"menu_order":0,"comment_status":"closed","ping_status":"closed","template":"","meta":{"footnotes":""},"class_list":["post-239","page","type-page","status-publish","hentry"],"yoast_head":"<!-- This site is optimized with the Yoast SEO plugin v20.8 - https:\/\/yoast.com\/wordpress\/plugins\/seo\/ -->\n<title>Innen-\/Au\u00dfenbereich - Lakeside<\/title>\n<meta name=\"robots\" content=\"index, follow, max-snippet:-1, max-image-preview:large, max-video-preview:-1\" \/>\n<link rel=\"canonical\" href=\"https:\/\/lakeside.lu\/de\/innen-aussenbereich\/\" \/>\n<meta property=\"og:locale\" content=\"de_DE\" \/>\n<meta property=\"og:type\" content=\"article\" \/>\n<meta property=\"og:title\" content=\"Innen-\/Au\u00dfenbereich - Lakeside\" \/>\n<meta property=\"og:description\" content=\"[vc_section el_id=&#8220;intro&#8220;][vc_row][vc_column][vc_single_image image=&#8220;122&#8243; img_size=&#8220;full&#8220; alignment=&#8220;center&#8220; el_class=&#8220;no-space-img&#8220;][\/vc_column][\/vc_row][vc_row el_id=&#8220;intro-content&#8220;][vc_column][vc_column_text] Innenbereich Au\u00dfenbereich [\/vc_column_text][\/vc_column][\/vc_row][\/vc_section][vc_section el_class=&#8220;bg-sec bg-sec-left bot-mar-2 top-mar-4&#8243; css=&#8220;.vc_custom_1673525292276{background-image: url(\/wp-content\/uploads\/2023\/01\/Mask-Group-105.jpg?id=125) !important;}&#8220;][vc_row el_class=&#8220;mob-bg-repl-img&#8220;][vc_column][vc_single_image image=&#8220;322&#8243; img_size=&#8220;full&#8220; alignment=&#8220;center&#8220; css=&#8220;.vc_custom_1675158163448{margin-bottom: 0px !important;}&#8220;][\/vc_column][\/vc_row][vc_row][vc_column width=&#8220;3\/5&#8243;][\/vc_column][vc_column width=&#8220;2\/5&#8243; [\u2026]\" \/>\n<meta property=\"og:url\" content=\"https:\/\/lakeside.lu\/de\/innen-aussenbereich\/\" \/>\n<meta property=\"og:site_name\" content=\"Lakeside\" \/>\n<meta property=\"article:modified_time\" content=\"2023-02-02T13:27:40+00:00\" \/>\n<meta name=\"twitter:card\" content=\"summary_large_image\" \/>\n<meta name=\"twitter:label1\" content=\"Gesch\u00e4tzte Lesezeit\" \/>\n\t<meta name=\"twitter:data1\" content=\"1\u00a0Minute\" \/>\n<script type=\"application\/ld+json\" class=\"yoast-schema-graph\">{\"@context\":\"https:\/\/schema.org\",\"@graph\":[{\"@type\":\"WebPage\",\"@id\":\"https:\/\/lakeside.lu\/de\/innen-aussenbereich\/\",\"url\":\"https:\/\/lakeside.lu\/de\/innen-aussenbereich\/\",\"name\":\"Innen-\/Au\u00dfenbereich - Lakeside\",\"isPartOf\":{\"@id\":\"https:\/\/lakeside.lu\/#website\"},\"datePublished\":\"2023-01-12T10:11:28+00:00\",\"dateModified\":\"2023-02-02T13:27:40+00:00\",\"breadcrumb\":{\"@id\":\"https:\/\/lakeside.lu\/de\/innen-aussenbereich\/#breadcrumb\"},\"inLanguage\":\"de\",\"potentialAction\":[{\"@type\":\"ReadAction\",\"target\":[\"https:\/\/lakeside.lu\/de\/innen-aussenbereich\/\"]}]},{\"@type\":\"BreadcrumbList\",\"@id\":\"https:\/\/lakeside.lu\/de\/innen-aussenbereich\/#breadcrumb\",\"itemListElement\":[{\"@type\":\"ListItem\",\"position\":1,\"name\":\"Home\",\"item\":\"https:\/\/lakeside.lu\/de\/\"},{\"@type\":\"ListItem\",\"position\":2,\"name\":\"Innen-\/Au\u00dfenbereich\"}]},{\"@type\":\"WebSite\",\"@id\":\"https:\/\/lakeside.lu\/#website\",\"url\":\"https:\/\/lakeside.lu\/\",\"name\":\"Lakeside\",\"description\":\"\",\"potentialAction\":[{\"@type\":\"SearchAction\",\"target\":{\"@type\":\"EntryPoint\",\"urlTemplate\":\"https:\/\/lakeside.lu\/?s={search_term_string}\"},\"query-input\":\"required name=search_term_string\"}],\"inLanguage\":\"de\"}]}<\/script>\n<!-- \/ Yoast SEO plugin. -->","yoast_head_json":{"title":"Innen-\/Au\u00dfenbereich - Lakeside","robots":{"index":"index","follow":"follow","max-snippet":"max-snippet:-1","max-image-preview":"max-image-preview:large","max-video-preview":"max-video-preview:-1"},"canonical":"https:\/\/lakeside.lu\/de\/innen-aussenbereich\/","og_locale":"de_DE","og_type":"article","og_title":"Innen-\/Au\u00dfenbereich - Lakeside","og_description":"[vc_section el_id=&#8220;intro&#8220;][vc_row][vc_column][vc_single_image image=&#8220;122&#8243; img_size=&#8220;full&#8220; alignment=&#8220;center&#8220; el_class=&#8220;no-space-img&#8220;][\/vc_column][\/vc_row][vc_row el_id=&#8220;intro-content&#8220;][vc_column][vc_column_text] Innenbereich Au\u00dfenbereich [\/vc_column_text][\/vc_column][\/vc_row][\/vc_section][vc_section el_class=&#8220;bg-sec bg-sec-left bot-mar-2 top-mar-4&#8243; css=&#8220;.vc_custom_1673525292276{background-image: url(\/wp-content\/uploads\/2023\/01\/Mask-Group-105.jpg?id=125) !important;}&#8220;][vc_row el_class=&#8220;mob-bg-repl-img&#8220;][vc_column][vc_single_image image=&#8220;322&#8243; img_size=&#8220;full&#8220; alignment=&#8220;center&#8220; css=&#8220;.vc_custom_1675158163448{margin-bottom: 0px !important;}&#8220;][\/vc_column][\/vc_row][vc_row][vc_column width=&#8220;3\/5&#8243;][\/vc_column][vc_column width=&#8220;2\/5&#8243; [\u2026]","og_url":"https:\/\/lakeside.lu\/de\/innen-aussenbereich\/","og_site_name":"Lakeside","article_modified_time":"2023-02-02T13:27:40+00:00","twitter_card":"summary_large_image","twitter_misc":{"Gesch\u00e4tzte Lesezeit":"1\u00a0Minute"},"schema":{"@context":"https:\/\/schema.org","@graph":[{"@type":"WebPage","@id":"https:\/\/lakeside.lu\/de\/innen-aussenbereich\/","url":"https:\/\/lakeside.lu\/de\/innen-aussenbereich\/","name":"Innen-\/Au\u00dfenbereich - Lakeside","isPartOf":{"@id":"https:\/\/lakeside.lu\/#website"},"datePublished":"2023-01-12T10:11:28+00:00","dateModified":"2023-02-02T13:27:40+00:00","breadcrumb":{"@id":"https:\/\/lakeside.lu\/de\/innen-aussenbereich\/#breadcrumb"},"inLanguage":"de","potentialAction":[{"@type":"ReadAction","target":["https:\/\/lakeside.lu\/de\/innen-aussenbereich\/"]}]},{"@type":"BreadcrumbList","@id":"https:\/\/lakeside.lu\/de\/innen-aussenbereich\/#breadcrumb","itemListElement":[{"@type":"ListItem","position":1,"name":"Home","item":"https:\/\/lakeside.lu\/de\/"},{"@type":"ListItem","position":2,"name":"Innen-\/Au\u00dfenbereich"}]},{"@type":"WebSite","@id":"https:\/\/lakeside.lu\/#website","url":"https:\/\/lakeside.lu\/","name":"Lakeside","description":"","potentialAction":[{"@type":"SearchAction","target":{"@type":"EntryPoint","urlTemplate":"https:\/\/lakeside.lu\/?s={search_term_string}"},"query-input":"required name=search_term_string"}],"inLanguage":"de"}]}},"_links":{"self":[{"href":"https:\/\/lakeside.lu\/de\/wp-json\/wp\/v2\/pages\/239","targetHints":{"allow":["GET"]}}],"collection":[{"href":"https:\/\/lakeside.lu\/de\/wp-json\/wp\/v2\/pages"}],"about":[{"href":"https:\/\/lakeside.lu\/de\/wp-json\/wp\/v2\/types\/page"}],"author":[{"embeddable":true,"href":"https:\/\/lakeside.lu\/de\/wp-json\/wp\/v2\/users\/1"}],"replies":[{"embeddable":true,"href":"https:\/\/lakeside.lu\/de\/wp-json\/wp\/v2\/comments?post=239"}],"version-history":[{"count":5,"href":"https:\/\/lakeside.lu\/de\/wp-json\/wp\/v2\/pages\/239\/revisions"}],"predecessor-version":[{"id":348,"href":"https:\/\/lakeside.lu\/de\/wp-json\/wp\/v2\/pages\/239\/revisions\/348"}],"wp:attachment":[{"href":"https:\/\/lakeside.lu\/de\/wp-json\/wp\/v2\/media?parent=239"}],"curies":[{"name":"wp","href":"https:\/\/api.w.org\/{rel}","templated":true}]}}