{"id":247,"date":"2023-01-12T10:12:38","date_gmt":"2023-01-12T10:12:38","guid":{"rendered":"https:\/\/lakeside.lu\/carte-brasserie\/"},"modified":"2026-04-22T08:47:37","modified_gmt":"2026-04-22T08:47:37","slug":"karte-brasserie","status":"publish","type":"page","link":"https:\/\/lakeside.lu\/de\/karte-brasserie\/","title":{"rendered":"Karte"},"content":{"rendered":"<section class=\"wpb-content-wrapper\"><p>[vc_section][vc_row][vc_column][vc_column_text]<\/p>\n<h1 id=\"menu-head\" class=\"white\"><span class=\"highlighted\">Men\u00fc<\/span><\/h1>\n<p>[\/vc_column_text][\/vc_column][\/vc_row][\/vc_section][vc_section el_id=&#8220;carte&#8220;][vc_row][vc_column][vc_tta_tour style=&#8220;flat&#8220; shape=&#8220;square&#8220; controls_size=&#8220;sm&#8220; active_section=&#8220;1&#8243; no_fill_content_area=&#8220;true&#8220;][vc_tta_section title=&#8220;Tagesmen\u00fc&#8220; tab_id=&#8220;tagesmenue&#8220;][vc_column_text]<strong class=\"colored\">Tagesmen\u00fc<\/strong><\/p>\n<p>(Mittwoch bis Freitag 12.00 bis 14.00)<\/p>\n<p>Vom 22.04 bis 2404[\/vc_column_text][vc_column_text el_class=&#8220;shift-block-content&#8220;]<strong>Vorspeise<\/strong><\/p>\n<div class=\"cart-item\">Broccoli -Cremes\u00fcppchen mit WanTan<\/div>\n<hr \/>\n<p><strong>Hauptgang<\/strong><\/p>\n<div class=\"cart-item\">Gem\u00fcsetajine mit Kr\u00e4uter-Couscous und Minz-Joghurt<span class=\"cart-item-price\">17,50\u20ac<\/span><\/div>\n<div class=\"cart-item\">Gebratenes Doradenfilet an mediteraner Reispfanne <span class=\"cart-item-price\">18,50\u20ac<\/span><\/div>\n<div class=\"cart-item\">Wainzoossiss an Senfsosse, Kartoffel-Mousseline und Beilagensalat <span class=\"cart-item-price\">20,50\u20ac<\/span><\/div>\n<hr \/>\n<p><strong>Dessert<\/strong><\/p>\n<div class=\"cart-item\"><span class=\"cart-item-desc\">Dessertvariation<\/span><\/div>\n<hr \/>\n<div class=\"cart-item mdj-pricing-item\"><span class=\"cart-item-desc\">Vorspeise + Hauptgang + Nachspeise<\/span><span class=\"cart-item-price\">Hauptgang + 12\u20ac<\/span><\/div>\n<div class=\"cart-item mdj-pricing-item\"><span class=\"cart-item-desc\">Vorspeise + Hauptgang<\/span><span class=\"cart-item-price\">Hauptgang + 6\u20ac<\/span><\/div>\n<div class=\"cart-item mdj-pricing-item\"><span class=\"cart-item-desc\">Hauptgang + Nachspeise<\/span><span class=\"cart-item-price\">Hauptgang + 6\u20ac<\/span><\/div>\n<div id=\"gtx-trans\" style=\"position: absolute; left: -1px; top: 77.8px;\">\n<div class=\"gtx-trans-icon\"><\/div>\n<\/div>\n<p>[\/vc_column_text][\/vc_tta_section][vc_tta_section title=&#8220;Men\u00fc&#8220; tab_id=&#8220;1710832876747-6bab4d94-c41f&#8220;][vc_column_text]<embed src=\"\/wp-content\/uploads\/carte-brasserie.pdf\" type=\"application\/pdf\" width=\"100%\" height=\"600px\"><\/embed>[\/vc_column_text][\/vc_tta_section][\/vc_tta_tour][\/vc_column][\/vc_row][\/vc_section][vc_section disable_element=&#8220;yes&#8220;][vc_row][vc_column][vc_tta_tour style=&#8220;flat&#8220; shape=&#8220;square&#8220; controls_size=&#8220;sm&#8220; active_section=&#8220;1&#8243; no_fill_content_area=&#8220;true&#8220;][vc_tta_section title=&#8220;Tagesmen\u00fc&#8220; tab_id=&#8220;1739274713700-53529fc3-6da6&#8243;][vc_column_text]<strong class=\"colored\">Tagesmen\u00fc<\/strong><\/p>\n<p>(Mittwoch bis Freitag 12.00 bis 14.00)<\/p>\n<p>Vom 12.02 bis 14.02[\/vc_column_text][vc_column_text el_class=&#8220;shift-block-content&#8220;]<strong>Vorspeise<\/strong><\/p>\n<div class=\"cart-item\">Cr\u00e8mes\u00fcppchen von Sauerkraut mit Schinkenstreifen<\/div>\n<hr \/>\n<p><strong>Hauptgang<\/strong><\/p>\n<div class=\"cart-item\">Saisonales Gem\u00fcsecurry mit Mandelreis und frischen Kr\u00e4utern<span class=\"cart-item-price\">17,50\u20ac<\/span><\/div>\n<div class=\"cart-item\">Fish &amp; Chips mit Remouladensauce<span class=\"cart-item-price\">18,50\u20ac<\/span><\/div>\n<div class=\"cart-item\">Wildragout in Wacholderrahm, Serviettenkn\u00f6del und M\u00f6hrengem\u00fcse<span class=\"cart-item-price\">20,50\u20ac<\/span><\/div>\n<hr \/>\n<p><strong>Dessert<\/strong><\/p>\n<div class=\"cart-item\"><span class=\"cart-item-desc\">Dessertvariation<\/span><\/div>\n<hr \/>\n<div class=\"cart-item mdj-pricing-item\"><span class=\"cart-item-desc\">Vorspeise + Hauptgang + Nachspeise<\/span><span class=\"cart-item-price\">Hauptgang + 12\u20ac<\/span><\/div>\n<div class=\"cart-item mdj-pricing-item\"><span class=\"cart-item-desc\">Vorspeise + Hauptgang<\/span><span class=\"cart-item-price\">Hauptgang + 6\u20ac<\/span><\/div>\n<div class=\"cart-item mdj-pricing-item\"><span class=\"cart-item-desc\">Hauptgang + Nachspeise<\/span><span class=\"cart-item-price\">Hauptgang + 6\u20ac<\/span><\/div>\n<div id=\"gtx-trans\" style=\"position: absolute; left: -1px; top: 77.8px;\">\n<div class=\"gtx-trans-icon\"><\/div>\n<\/div>\n<p>[\/vc_column_text][\/vc_tta_section][vc_tta_section title=&#8220;Vorspeisen&#8220; tab_id=&#8220;1739274713708-cdb469cd-9502&#8243;][vc_column_text]<strong class=\"colored\">Vorspeisen<\/strong><\/p>\n<p>(Mittwoch &#8211; Samstag 12.00 &#8211; 23.00 und Sonntag 12.00 &#8211; 18.00)[\/vc_column_text][vc_column_text]<\/p>\n<div class=\"cart-item\"><span class=\"cart-item-desc\">Saisonale Gazpacho, gebratene Garnelen, Croutons, Kr\u00e4uter<\/span><span class=\"cart-item-price\">15,50\u20ac<\/span><\/div>\n<div class=\"cart-item\"><span class=\"cart-item-desc\">Kichererbsen-B\u00e4llchen, marinierter Rucola, Tomaten-Pesto-Salat, Pecorino<\/span><span class=\"cart-item-price\">14,50\u20ac<\/span><\/div>\n<div class=\"cart-item\"><span class=\"cart-item-desc\">Angus Rumpsteak, marinierter Rucola, Tomaten-Pesto-Salat, Pecorino <\/span><span class=\"cart-item-price\">18,50\u20ac\/28,00\u20ac<\/span><\/div>\n<p>[\/vc_column_text][\/vc_tta_section][vc_tta_section title=&#8220;Salate&#8220; tab_id=&#8220;1739274713716-76ec98d1-e44c&#8220;][vc_column_text]<strong class=\"colored\">Salate<\/strong><\/p>\n<p>(Mittwoch &#8211; Samstag 12.00 &#8211; 23.00 und Sonntag 12.00 &#8211; 18.00)[\/vc_column_text][vc_column_text]<\/p>\n<div class=\"cart-item\"><span class=\"cart-item-desc\">Blattsalat Lakeside, Tomate, Gurke, Paprika, Radieschen, Kr\u00e4uter-Croutons <\/span><span class=\"cart-item-price\">10,00\u20ac\/13,00\u20ac<\/span><\/div>\n<div class=\"cart-item\"><span class=\"cart-item-desc\">&#8211; mit H\u00e4hnchenstreifen <\/span><span class=\"cart-item-price\">7,00\u20ac\/10,00\u20ac<\/span><\/div>\n<div class=\"cart-item\"><span class=\"cart-item-desc\">&#8211; mit gebratenem Doradenfilet<\/span><span class=\"cart-item-price\"> \/12,50\u20ac<\/span><\/div>\n<div class=\"cart-item\"><span class=\"cart-item-desc\">&#8211; mit gebratenen Zitronen-Rosmarin-Garnelen<\/span><span class=\"cart-item-price\">9,00 \u20ac\/13,50\u20ac<\/span><\/div>\n<div class=\"cart-item\"><span class=\"cart-item-desc\">&#8211; mit Streifen vom Angus Rinderr\u00fccken <\/span><span class=\"cart-item-price\">9,00 \u20ac\/13,50\u20ac<\/span><\/div>\n<div class=\"cart-item\"><span class=\"cart-item-desc\">Lakeside Caesar Salat, Romanasalat, Parmesan-Croutons, Kirschtomaten, gebratene Tandoori-H\u00e4hnchenbrust <\/span><span class=\"cart-item-price\">18,00\u20ac\/23,00\u20ac<\/span><\/div>\n<div class=\"cart-item\"><span class=\"cart-item-desc\">Bauernsalat, Speck, Spiegelei, R\u00f6stkartoffeln<\/span><span class=\"cart-item-price\">17,00\u20ac\/22,00\u20ac<\/span><\/div>\n<p>[\/vc_column_text][\/vc_tta_section][vc_tta_section title=&#8220;Summer Specials&#8220; tab_id=&#8220;1739274713724-288fe7c4-5da2&#8243;][vc_column_text]<strong class=\"colored\">Summer Specials<\/strong><\/p>\n<p>(Mittwoch &#8211; Samstag 12.00 &#8211; 23.00 und Sonntag 12.00 &#8211; 18.00)[\/vc_column_text][vc_column_text]<\/p>\n<div class=\"cart-item\"><span class=\"cart-item-desc\">Mariniertes Sommergrillgem\u00fcse, Rosmarin-Grenaille-Kartoffeln<\/span><span class=\"cart-item-price\">13,00\u20ac<\/span><\/div>\n<div class=\"cart-item\"><span class=\"cart-item-desc\">&#8211; mit Kichererbsen-Falafel<\/span><span class=\"cart-item-price\">7,50\u20ac<\/span><\/div>\n<div class=\"cart-item\"><span class=\"cart-item-desc\">&#8211; mit gegrilltem Tandoori-H\u00fchnchen <\/span><span class=\"cart-item-price\">10,00\u20ac<\/span><\/div>\n<div class=\"cart-item\"><span class=\"cart-item-desc\">&#8211; mit gebratener Kr\u00e4uter-Dorade<\/span><span class=\"cart-item-price\">13,50\u20ac<\/span><\/div>\n<div class=\"cart-item\"><span class=\"cart-item-desc\">&#8211; mit gebratenen Knoblauch-Garnelen<\/span><span class=\"cart-item-price\">13,50\u20ac<\/span><\/div>\n<div class=\"cart-item\"><span class=\"cart-item-desc\">&#8211; mit Angus Rumpsteak <\/span><span class=\"cart-item-price\">18,00\u20ac<\/span><\/div>\n<div class=\"cart-item\"><span class=\"cart-item-desc\">dazu Dip nach Wahl: Guacamole, Joghurt-Minze, Aioli, Cocktail-Sauce Lakeside, Kr\u00e4uterbutter<\/span><span class=\"cart-item-price\">2,50\u20ac<\/span><\/div>\n<div class=\"cart-item\"><span class=\"cart-item-desc\">Hot &amp; Spicy Gem\u00fcse-Linsencurry, Mandelreis, Limette, Inari, Kr\u00e4uter<\/span><span class=\"cart-item-price\">24,50\u20ac<\/span><\/div>\n<p>[\/vc_column_text][\/vc_tta_section][vc_tta_section title=&#8220;Lakeside unbeatables&#8220; tab_id=&#8220;1739274713732-3bfb4551-c262&#8243;][vc_column_text]<strong class=\"colored\">Lakeside Unbeatables<\/strong><\/p>\n<p>(Mittwoch &#8211; Samstag 12.00 &#8211; 23.00 und Sonntag 12.00 &#8211; 18.00)[\/vc_column_text][vc_column_text el_class=&#8220;shift-block-content&#8220;]<\/p>\n<div class=\"cart-item\"><span class=\"cart-item-desc\">Pasta, Ochsenherz-Tomaten, ger\u00f6stete Mandeln, Rucolasalat, Parmesan <\/span><span class=\"cart-item-price\">23\u20ac<\/span><\/div>\n<div class=\"cart-item\"><span class=\"cart-item-desc\">Pasta Lakeside, Kr\u00e4uter-Dorade, Zitronen-Basilikum-Sauce, Sommergem\u00fcse<\/span><span class=\"cart-item-price\">29\u20ac<\/span><\/div>\n<div class=\"cart-item\"><span class=\"cart-item-desc\">Pasta Bolognese<\/span><span class=\"cart-item-price\">22\u20ac<\/span><\/div>\n<div class=\"cart-item\"><span class=\"cart-item-desc\">Ham, Fritten an Zalot<\/span><span class=\"cart-item-price\">24\u20ac<\/span><\/div>\n<div class=\"cart-item\"><span class=\"cart-item-desc\">Wiener Schnitzel, Pommes Frites, Salat<\/span><span class=\"cart-item-price\">25,50\u20ac<\/span><\/div>\n<div class=\"cart-item\"><span class=\"cart-item-desc\">K\u00f6niginnen-Pastete, Pommes Frites, Salat<\/span><span class=\"cart-item-price\">26\u20ac<\/span><\/div>\n<div class=\"cart-item\"><span class=\"cart-item-desc\">Angus Rumpsteak, Schalottenkruste, Pommes Frites, Salat<\/span><span class=\"cart-item-price\">31,50\u20ac<\/span><\/div>\n<div class=\"cart-item\"><span class=\"cart-item-desc\">Kniddelen, Speck, Apfelkompott<\/span><span class=\"cart-item-price\">20\u20ac<\/span><\/div>\n<div class=\"cart-item\"><span class=\"cart-item-desc\">Kniddelen, tomatisiertes Ratatouille Gem\u00fcse<\/span><span class=\"cart-item-price\">20\u20ac<\/span><\/div>\n<div class=\"cart-item\"><span class=\"cart-item-desc\">Lakeside Burger mit Pommes Frites<\/span><span class=\"cart-item-price\">22\u20ac<\/span><\/div>\n<div class=\"cart-item\"><span class=\"cart-item-desc\">Lakeside Cheesy Burger mit Pommes Frites<\/span><span class=\"cart-item-price\">23\u20ac<\/span><\/div>\n<div class=\"cart-item\"><span class=\"cart-item-desc\">Lakeside Chicken Burger, Pommes Frites <\/span><span class=\"cart-item-price\">22\u20ac<\/span><\/div>\n<div class=\"cart-item\"><span class=\"cart-item-desc\">Lakeside Veggie Burger mit Pommes Frites<\/span><span class=\"cart-item-price\">20\u20ac<\/span><\/div>\n<p>[\/vc_column_text][\/vc_tta_section][vc_tta_section title=&#8220;Tapas&#8220; tab_id=&#8220;1739274713741-c88ac072-0e5b&#8220;][vc_column_text]<strong class=\"colored\">Tapas<\/strong><\/p>\n<p>(Mittwoch &#8211; Samstag von 12.00 bis 21.00 und Sonntag 14.30 &#8211; 17.00)[\/vc_column_text][vc_column_text el_class=&#8220;shift-block-content&#8220;]<\/p>\n<div class=\"cart-item\"><span class=\"cart-item-desc\">Dreierlei Schinken<\/span><span class=\"cart-item-price\">11,50\u20ac<\/span><\/div>\n<div class=\"cart-item\"><span class=\"cart-item-desc\">Gegrillte Chorizo<\/span><span class=\"cart-item-price\">7,50\u20ac<\/span><\/div>\n<div class=\"cart-item\"><span class=\"cart-item-desc\">Marinierte Oliven<\/span><span class=\"cart-item-price\">7,50\u20ac<\/span><\/div>\n<div class=\"cart-item\"><span class=\"cart-item-desc\">Bacalhaupralinen, Zitronen-Ingwer-Dip <\/span><span class=\"cart-item-price\">7,50\u20ac<\/span><\/div>\n<div class=\"cart-item\"><span class=\"cart-item-desc\">Rosmarinkartoffeln, Aioli \/ Portion Pommes Frites <\/span><span class=\"cart-item-price\">6,00\u20ac<\/span><\/div>\n<div class=\"cart-item\"><span class=\"cart-item-desc\">Saisonale Gazpacho, Croutons, Kr\u00e4uter<\/span><span class=\"cart-item-price\">7,50\u20ac<\/span><\/div>\n<div class=\"cart-item\"><span class=\"cart-item-desc\">Gebratene Garnelen, Sommergem\u00fcse<\/span><span class=\"cart-item-price\">12,00\u20ac<\/span><\/div>\n<div class=\"cart-item\"><span class=\"cart-item-desc\">Ros\u00e9 Roastbeef, Ratatouillesauce <\/span><span class=\"cart-item-price\">11,50\u20ac<\/span><\/div>\n<p>[\/vc_column_text][\/vc_tta_section][vc_tta_section title=&#8220;Desserts&#8220; tab_id=&#8220;1739274713753-427dded4-5f20&#8243;][vc_column_text]<strong class=\"colored\">Desserts<\/strong><\/p>\n<p>(Mittwoch &#8211; Samstag 12.00 &#8211; 23.00 und Sonntag 12.00 &#8211; 18.00)[\/vc_column_text][vc_column_text el_class=&#8220;shift-block-content&#8220;]<\/p>\n<div class=\"cart-item\"><span class=\"cart-item-desc\">Eiskaffee<\/span><span class=\"cart-item-price\">9\u20ac<\/span><\/div>\n<div class=\"cart-item\"><span class=\"cart-item-desc\">Eis-Schokolade<\/span><span class=\"cart-item-price\">9,50\u20ac<\/span><\/div>\n<div class=\"cart-item\"><span class=\"cart-item-desc\">Coupe D\u00e4nemark<\/span><span class=\"cart-item-price\">11,00\u20ac<\/span><\/div>\n<div class=\"cart-item\"><span class=\"cart-item-desc\">Fr\u00fcchtebecher der Saison<\/span><span class=\"cart-item-price\">12,00\u20ac<\/span><\/div>\n<div class=\"cart-item\"><span class=\"cart-item-desc\">Caf\u00e9 Gourmand<\/span><span class=\"cart-item-price\">16\u20ac<\/span><\/div>\n<div class=\"cart-item\"><span class=\"cart-item-desc\">H\u00e4remillen Gourmand<\/span><span class=\"cart-item-price\">19\u20ac<\/span><\/div>\n<div class=\"cart-item\"><span class=\"cart-item-desc\">Mini Cr\u00e8me Br\u00fbl\u00e9e <\/span><span class=\"cart-item-price\">7,50\u20ac<\/span><\/div>\n<div class=\"cart-item\"><span class=\"cart-item-desc\">Torte aus der Vitrine<\/span><span class=\"cart-item-price\">8,50\u20ac<\/span><\/div>\n<div class=\"cart-item\"><span class=\"cart-item-desc\">Kugel Eis (Vanille, Erdbeere, Schokolade, Mokka)<\/span><span class=\"cart-item-price\">3,00\u20ac<\/span><\/div>\n<div class=\"cart-item\"><span class=\"cart-item-desc\">Kugel Sorbet (Zitrone, Aprikose, Himbeere) \u2013 <\/span><span class=\"cart-item-price\">3,00\u20ac<\/span><\/div>\n<p>[\/vc_column_text][\/vc_tta_section][vc_tta_section title=&#8220;Zum teilen&#8220; tab_id=&#8220;1739274713762-b70d44fe-503a&#8220;][vc_column_text]<strong class=\"colored\">Zum teilen<\/strong><\/p>\n<p>(Mittwoch &#8211; Samstag 14.00 &#8211; 17.30 und Sonntag 14.00 &#8211; 17.30)[\/vc_column_text][vc_column_text el_class=&#8220;shift-block-content&#8220;]<\/p>\n<div class=\"cart-item\"><span class=\"cart-item-desc\">Platte mit luxemburger Goudaw\u00fcrfel, Brie, Radieschen, Trauben, N\u00fcsse <\/span><span class=\"cart-item-price\">15,50\u20ac<\/span><\/div>\n<div class=\"cart-item\"><span class=\"cart-item-desc\">Platte mit luxemburger Schinken, Pat\u00e9, Radieschen, Ei, eingelegtes Gem\u00fcse<\/span><span class=\"cart-item-price\">15,50\u20ac<\/span><\/div>\n<p>[\/vc_column_text][\/vc_tta_section][\/vc_tta_tour][\/vc_column][\/vc_row][\/vc_section]<\/p>\n<\/section>","protected":false},"excerpt":{"rendered":"<p>[vc_section][vc_row][vc_column][vc_column_text] Men\u00fc [\/vc_column_text][\/vc_column][\/vc_row][\/vc_section][vc_section el_id=&#8220;carte&#8220;][vc_row][vc_column][vc_tta_tour style=&#8220;flat&#8220; shape=&#8220;square&#8220; controls_size=&#8220;sm&#8220; active_section=&#8220;1&#8243; no_fill_content_area=&#8220;true&#8220;][vc_tta_section title=&#8220;Tagesmen\u00fc&#8220; tab_id=&#8220;tagesmenue&#8220;][vc_column_text]Tagesmen\u00fc (Mittwoch bis Freitag 12.00 bis 14.00) Vom 22.04 bis 2404[\/vc_column_text][vc_column_text el_class=&#8220;shift-block-content&#8220;]Vorspeise Broccoli -Cremes\u00fcppchen mit WanTan<span class=\"excerpt-hellip\"> [\u2026]<\/span><\/p>\n","protected":false},"author":1,"featured_media":0,"parent":0,"menu_order":0,"comment_status":"closed","ping_status":"closed","template":"","meta":{"footnotes":""},"class_list":["post-247","page","type-page","status-publish","hentry"],"yoast_head":"<!-- This site is optimized with the Yoast SEO plugin v20.8 - https:\/\/yoast.com\/wordpress\/plugins\/seo\/ -->\n<title>Karte - Lakeside<\/title>\n<meta name=\"robots\" content=\"index, follow, max-snippet:-1, max-image-preview:large, max-video-preview:-1\" \/>\n<link rel=\"canonical\" href=\"https:\/\/lakeside.lu\/de\/karte-brasserie\/\" \/>\n<meta property=\"og:locale\" content=\"de_DE\" \/>\n<meta property=\"og:type\" content=\"article\" \/>\n<meta property=\"og:title\" content=\"Karte - Lakeside\" \/>\n<meta property=\"og:description\" content=\"[vc_section][vc_row][vc_column][vc_column_text] Men\u00fc [\/vc_column_text][\/vc_column][\/vc_row][\/vc_section][vc_section el_id=&#8220;carte&#8220;][vc_row][vc_column][vc_tta_tour style=&#8220;flat&#8220; shape=&#8220;square&#8220; controls_size=&#8220;sm&#8220; active_section=&#8220;1&#8243; no_fill_content_area=&#8220;true&#8220;][vc_tta_section title=&#8220;Tagesmen\u00fc&#8220; tab_id=&#8220;tagesmenue&#8220;][vc_column_text]Tagesmen\u00fc (Mittwoch bis Freitag 12.00 bis 14.00) Vom 22.04 bis 2404[\/vc_column_text][vc_column_text el_class=&#8220;shift-block-content&#8220;]Vorspeise Broccoli -Cremes\u00fcppchen mit WanTan [\u2026]\" \/>\n<meta property=\"og:url\" content=\"https:\/\/lakeside.lu\/de\/karte-brasserie\/\" \/>\n<meta property=\"og:site_name\" content=\"Lakeside\" \/>\n<meta property=\"article:modified_time\" content=\"2026-04-22T08:47:37+00:00\" \/>\n<meta name=\"twitter:card\" content=\"summary_large_image\" \/>\n<meta name=\"twitter:label1\" content=\"Gesch\u00e4tzte Lesezeit\" \/>\n\t<meta name=\"twitter:data1\" content=\"3\u00a0Minuten\" \/>\n<script type=\"application\/ld+json\" class=\"yoast-schema-graph\">{\"@context\":\"https:\/\/schema.org\",\"@graph\":[{\"@type\":\"WebPage\",\"@id\":\"https:\/\/lakeside.lu\/de\/karte-brasserie\/\",\"url\":\"https:\/\/lakeside.lu\/de\/karte-brasserie\/\",\"name\":\"Karte - Lakeside\",\"isPartOf\":{\"@id\":\"https:\/\/lakeside.lu\/#website\"},\"datePublished\":\"2023-01-12T10:12:38+00:00\",\"dateModified\":\"2026-04-22T08:47:37+00:00\",\"breadcrumb\":{\"@id\":\"https:\/\/lakeside.lu\/de\/karte-brasserie\/#breadcrumb\"},\"inLanguage\":\"de\",\"potentialAction\":[{\"@type\":\"ReadAction\",\"target\":[\"https:\/\/lakeside.lu\/de\/karte-brasserie\/\"]}]},{\"@type\":\"BreadcrumbList\",\"@id\":\"https:\/\/lakeside.lu\/de\/karte-brasserie\/#breadcrumb\",\"itemListElement\":[{\"@type\":\"ListItem\",\"position\":1,\"name\":\"Home\",\"item\":\"https:\/\/lakeside.lu\/de\/\"},{\"@type\":\"ListItem\",\"position\":2,\"name\":\"Karte\"}]},{\"@type\":\"WebSite\",\"@id\":\"https:\/\/lakeside.lu\/#website\",\"url\":\"https:\/\/lakeside.lu\/\",\"name\":\"Lakeside\",\"description\":\"\",\"potentialAction\":[{\"@type\":\"SearchAction\",\"target\":{\"@type\":\"EntryPoint\",\"urlTemplate\":\"https:\/\/lakeside.lu\/?s={search_term_string}\"},\"query-input\":\"required name=search_term_string\"}],\"inLanguage\":\"de\"}]}<\/script>\n<!-- \/ Yoast SEO plugin. -->","yoast_head_json":{"title":"Karte - Lakeside","robots":{"index":"index","follow":"follow","max-snippet":"max-snippet:-1","max-image-preview":"max-image-preview:large","max-video-preview":"max-video-preview:-1"},"canonical":"https:\/\/lakeside.lu\/de\/karte-brasserie\/","og_locale":"de_DE","og_type":"article","og_title":"Karte - Lakeside","og_description":"[vc_section][vc_row][vc_column][vc_column_text] Men\u00fc [\/vc_column_text][\/vc_column][\/vc_row][\/vc_section][vc_section el_id=&#8220;carte&#8220;][vc_row][vc_column][vc_tta_tour style=&#8220;flat&#8220; shape=&#8220;square&#8220; controls_size=&#8220;sm&#8220; active_section=&#8220;1&#8243; no_fill_content_area=&#8220;true&#8220;][vc_tta_section title=&#8220;Tagesmen\u00fc&#8220; tab_id=&#8220;tagesmenue&#8220;][vc_column_text]Tagesmen\u00fc (Mittwoch bis Freitag 12.00 bis 14.00) Vom 22.04 bis 2404[\/vc_column_text][vc_column_text el_class=&#8220;shift-block-content&#8220;]Vorspeise Broccoli -Cremes\u00fcppchen mit WanTan [\u2026]","og_url":"https:\/\/lakeside.lu\/de\/karte-brasserie\/","og_site_name":"Lakeside","article_modified_time":"2026-04-22T08:47:37+00:00","twitter_card":"summary_large_image","twitter_misc":{"Gesch\u00e4tzte Lesezeit":"3\u00a0Minuten"},"schema":{"@context":"https:\/\/schema.org","@graph":[{"@type":"WebPage","@id":"https:\/\/lakeside.lu\/de\/karte-brasserie\/","url":"https:\/\/lakeside.lu\/de\/karte-brasserie\/","name":"Karte - Lakeside","isPartOf":{"@id":"https:\/\/lakeside.lu\/#website"},"datePublished":"2023-01-12T10:12:38+00:00","dateModified":"2026-04-22T08:47:37+00:00","breadcrumb":{"@id":"https:\/\/lakeside.lu\/de\/karte-brasserie\/#breadcrumb"},"inLanguage":"de","potentialAction":[{"@type":"ReadAction","target":["https:\/\/lakeside.lu\/de\/karte-brasserie\/"]}]},{"@type":"BreadcrumbList","@id":"https:\/\/lakeside.lu\/de\/karte-brasserie\/#breadcrumb","itemListElement":[{"@type":"ListItem","position":1,"name":"Home","item":"https:\/\/lakeside.lu\/de\/"},{"@type":"ListItem","position":2,"name":"Karte"}]},{"@type":"WebSite","@id":"https:\/\/lakeside.lu\/#website","url":"https:\/\/lakeside.lu\/","name":"Lakeside","description":"","potentialAction":[{"@type":"SearchAction","target":{"@type":"EntryPoint","urlTemplate":"https:\/\/lakeside.lu\/?s={search_term_string}"},"query-input":"required name=search_term_string"}],"inLanguage":"de"}]}},"_links":{"self":[{"href":"https:\/\/lakeside.lu\/de\/wp-json\/wp\/v2\/pages\/247","targetHints":{"allow":["GET"]}}],"collection":[{"href":"https:\/\/lakeside.lu\/de\/wp-json\/wp\/v2\/pages"}],"about":[{"href":"https:\/\/lakeside.lu\/de\/wp-json\/wp\/v2\/types\/page"}],"author":[{"embeddable":true,"href":"https:\/\/lakeside.lu\/de\/wp-json\/wp\/v2\/users\/1"}],"replies":[{"embeddable":true,"href":"https:\/\/lakeside.lu\/de\/wp-json\/wp\/v2\/comments?post=247"}],"version-history":[{"count":218,"href":"https:\/\/lakeside.lu\/de\/wp-json\/wp\/v2\/pages\/247\/revisions"}],"predecessor-version":[{"id":1095,"href":"https:\/\/lakeside.lu\/de\/wp-json\/wp\/v2\/pages\/247\/revisions\/1095"}],"wp:attachment":[{"href":"https:\/\/lakeside.lu\/de\/wp-json\/wp\/v2\/media?parent=247"}],"curies":[{"name":"wp","href":"https:\/\/api.w.org\/{rel}","templated":true}]}}