{"id":253,"date":"2023-01-11T12:05:27","date_gmt":"2023-01-11T12:05:27","guid":{"rendered":"https:\/\/lakeside.lu\/accueil\/"},"modified":"2026-03-03T09:27:28","modified_gmt":"2026-03-03T09:27:28","slug":"accueil","status":"publish","type":"page","link":"https:\/\/lakeside.lu\/de\/","title":{"rendered":"Home"},"content":{"rendered":"<section class=\"wpb-content-wrapper\"><p>[vc_section el_id=&#8220;home-intro&#8220;][vc_row el_class=&#8220;summer&#8220;][vc_column][vc_images_carousel images=&#8220;861,863,865,867,869&#8243; img_size=&#8220;full&#8220; onclick=&#8220;link_no&#8220; speed=&#8220;3000&#8243; autoplay=&#8220;yes&#8220; hide_pagination_control=&#8220;yes&#8220; hide_prev_next_buttons=&#8220;yes&#8220; wrap=&#8220;yes&#8220;][\/vc_column][\/vc_row][vc_row disable_element=&#8220;yes&#8220; el_class=&#8220;winter&#8220;][vc_column][vc_images_carousel images=&#8220;800,804,802,798,796&#8243; img_size=&#8220;full&#8220; onclick=&#8220;link_no&#8220; speed=&#8220;3000&#8243; autoplay=&#8220;yes&#8220; hide_pagination_control=&#8220;yes&#8220; hide_prev_next_buttons=&#8220;yes&#8220; wrap=&#8220;yes&#8220;][\/vc_column][\/vc_row][\/vc_section][vc_section el_class=&#8220;bg-sec bg-sec-left bot-mar-4&#8243; css=&#8220;.vc_custom_1673516969890{padding-top: 0px !important;background-image: url(\/wp-content\/uploads\/2023\/01\/Group-634.jpg?id=37) !important;}&#8220;][vc_row el_class=&#8220;mob-bg-repl-img&#8220;][vc_column][vc_single_image image=&#8220;300&#8243; img_size=&#8220;full&#8220; alignment=&#8220;center&#8220; css=&#8220;.vc_custom_1675157521189{margin-bottom: 0px !important;}&#8220;][\/vc_column][\/vc_row][vc_row][vc_column width=&#8220;1\/5&#8243;][\/vc_column][vc_column width=&#8220;1\/5&#8243;][\/vc_column][vc_column width=&#8220;1\/5&#8243;][\/vc_column][vc_column width=&#8220;1\/5&#8243;][\/vc_column][vc_column width=&#8220;1\/5&#8243; css=&#8220;.vc_custom_1673516869035{padding-right: 0px !important;}&#8220;][vc_single_image image=&#8220;648&#8243; img_size=&#8220;full&#8220; alignment=&#8220;right&#8220; css=&#8220;.vc_custom_1715753722045{margin-bottom: 0px !important;}&#8220;][\/vc_column][\/vc_row][vc_row][vc_column width=&#8220;3\/5&#8243;][\/vc_column][vc_column width=&#8220;2\/5&#8243; css=&#8220;.vc_custom_1673439679802{padding-right: 0px !important;padding-left: 0px !important;}&#8220;][vc_column_text el_class=&#8220;shift-block&#8220;]<\/p>\n<h1 class=\"white upper\"><span class=\"highlighted\">Genie\u00dfen Sie die einzigartige Atmosph\u00e4re des Lakeside<\/span><\/h1>\n<div class=\"shift-block-content bot-pad-4\">Eingebettet in eine h\u00fcgelige Umgebung, besticht das Lakeside durch seine au\u00dfergew\u00f6hnliche Lage. Entworfen in einer reinen, ikonischen und preisgekr\u00f6nten Architektur. Fest in dieser idyllischen Landschaft verwurzelt, ist es das Ergebnis der Fantasie des Architekturb\u00fcros Metaform architects, Luxemburg. Dank dieser Architektur verschwimmen die Grenzen zwischen Innen und Au\u00dfen perfekt.<\/div>\n<p>[\/vc_column_text][\/vc_column][\/vc_row][\/vc_section][vc_section el_class=&#8220;bg-sec bg-sec-right bot-mar-4&#8243; css=&#8220;.vc_custom_1673516976008{background-image: url(\/wp-content\/uploads\/2023\/01\/Mask-Group-79.jpg?id=40) !important;}&#8220;][vc_row el_class=&#8220;mob-bg-repl-img&#8220;][vc_column][vc_single_image image=&#8220;302&#8243; img_size=&#8220;full&#8220; alignment=&#8220;center&#8220; css=&#8220;.vc_custom_1675157536137{margin-bottom: 0px !important;}&#8220;][\/vc_column][\/vc_row][vc_row][vc_column width=&#8220;2\/5&#8243; css=&#8220;.vc_custom_1673439679802{padding-right: 0px !important;padding-left: 0px !important;}&#8220;][vc_column_text el_class=&#8220;shift-block&#8220;]<\/p>\n<h2 class=\"white upper\"><span class=\"highlighted\">Im Herzen einer au\u00dfergew\u00f6hnlichen Naturlandschaft<\/span><\/h2>\n<div class=\"shift-block-content\">Mit seinen gro\u00dfen Glasfenstern, die einen freien Blick auf den See bieten, stellt unser Restaurant die umliegende Natur in den Mittelpunkt. Erleben Sie den Wechsel der Jahreszeiten in der Einrichtung und auf Ihrem Teller.<\/div>\n<p>[\/vc_column_text][\/vc_column][vc_column width=&#8220;3\/5&#8243;][\/vc_column][\/vc_row][\/vc_section][vc_section el_class=&#8220;bg-sec bg-sec-left bot-mar-2&#8243; css=&#8220;.vc_custom_1716305646367{background-image: url(https:\/\/lakeside.lu\/wp-content\/uploads\/2024\/05\/Mask-Group-124.jpg?id=709) !important;}&#8220;][vc_row el_class=&#8220;mob-bg-repl-img&#8220;][vc_column][vc_single_image image=&#8220;709&#8243; img_size=&#8220;full&#8220; alignment=&#8220;center&#8220; css=&#8220;.vc_custom_1716305655631{margin-bottom: 0px !important;}&#8220;][\/vc_column][\/vc_row][vc_row][vc_column width=&#8220;3\/5&#8243;][\/vc_column][vc_column width=&#8220;2\/5&#8243; css=&#8220;.vc_custom_1673439679802{padding-right: 0px !important;padding-left: 0px !important;}&#8220;][vc_column_text el_class=&#8220;shift-block&#8220;]<\/p>\n<h2 class=\"white upper\"><span class=\"highlighted\">Ein Genuss f\u00fcr die Sinne<\/span><\/h2>\n<div class=\"shift-block-content\">Der Blick auf den See und der Geschmacks- und Geruchssinn unserer K\u00fcche werden Sie begeistern. Unsere K\u00f6che bereiten Ihnen vielf\u00e4ltige und kreative Gerichte zu, die der Jahreszeit und der Region entsprechen.<\/div>\n<p>[\/vc_column_text][\/vc_column][\/vc_row][\/vc_section][vc_section][vc_row el_id=&#8220;home-slider-row&#8220;][vc_column width=&#8220;1\/3&#8243;][vc_images_carousel images=&#8220;692,49,51,53,55,57&#8243; img_size=&#8220;full&#8220; onclick=&#8220;link_no&#8220; speed=&#8220;3000&#8243; hide_prev_next_buttons=&#8220;yes&#8220; wrap=&#8220;yes&#8220; css=&#8220;.vc_custom_1715757830232{margin-bottom: 0px !important;}&#8220;][vc_column_text el_class=&#8220;shift-block&#8220;]<\/p>\n<h3 class=\"white upper\"><span class=\"highlighted\">Lakeside<\/span><\/h3>\n<div class=\"shift-block-content\">\n<p>Am Ufer des Echternacher Sees wurde der alte Pavillon durch ein moderneres Geb\u00e4ude ersetzt, das sich besser in die Umgebung einf\u00fcgt. Das Lakeside ist mehr als ein Restaurant, es ist ein Ort des Austauschs und der Begegnung mit einer einzigartigen Atmosph\u00e4re und einer gepflegten Dekoration.<\/p>\n<div class=\"cta-btn\"><a href=\"\/de\/events\/\">Location<\/a><\/div>\n<\/div>\n<p>[\/vc_column_text][\/vc_column][vc_column width=&#8220;1\/3&#8243;][vc_images_carousel images=&#8220;662,59,541,537,539,67&#8243; img_size=&#8220;full&#8220; onclick=&#8220;link_no&#8220; speed=&#8220;3000&#8243; hide_prev_next_buttons=&#8220;yes&#8220; wrap=&#8220;yes&#8220; css=&#8220;.vc_custom_1715754239991{margin-bottom: 0px !important;}&#8220;][vc_column_text el_class=&#8220;shift-block&#8220;]<\/p>\n<h3 class=\"white upper\"><span class=\"highlighted\">Die Karte<\/span><\/h3>\n<div class=\"shift-block-content\">\n<p>Ob im Men\u00fc oder \u00e0 la carte, unsere K\u00f6che interpretieren Rezepte von anderswo, aber vor allem von hier neu. Die Gelegenheit f\u00fcr Sie, eine originelle und spritzige K\u00fcche zu genie\u00dfen, in der sich Geschm\u00e4cker und Texturen zur Freude Ihres Gaumens vermischen. Gem\u00fcse, Fleisch, Milchprodukte&#8230; F\u00fcr die Umwelt, aber auch f\u00fcr den Geschmack haben wir uns entschieden, mit lokalen oder aus der Gro\u00dfregion stammenden Erzeugern zusammenzuarbeiten.<\/p>\n<div class=\"cta-btn\"><a href=\"\/de\/karte-brasserie\/\">Karte<\/a><\/div>\n<\/div>\n<p>[\/vc_column_text][\/vc_column][vc_column width=&#8220;1\/3&#8243;][vc_images_carousel images=&#8220;69,71,73,75&#8243; img_size=&#8220;full&#8220; onclick=&#8220;link_no&#8220; speed=&#8220;3000&#8243; hide_prev_next_buttons=&#8220;yes&#8220; wrap=&#8220;yes&#8220; css=&#8220;.vc_custom_1673516635080{margin-bottom: 0px !important;}&#8220;][vc_column_text el_class=&#8220;shift-block&#8220;]<\/p>\n<h3 class=\"white upper\"><span class=\"highlighted\">Cocktails<\/span><\/h3>\n<div class=\"shift-block-content\">Das Lakeside bietet sowohl Liebhabern als auch Kennern die M\u00f6glichkeit, seine Cocktailkarte zu entdecken. Sie finden dort bekannte Namen: Caipirinha, Mojito, Moscow Mule, Sex on the Beach, Americano, Negroni, Martini Espresso, Pina Colada, Cosmopolitan und Paper Plane&#8230;<\/div>\n<p>[\/vc_column_text][\/vc_column][\/vc_row][\/vc_section][vc_section el_id=&#8220;reviews&#8220;][vc_row][vc_column][vc_column_text css=&#8220;.vc_custom_1673517894636{margin-bottom: 0px !important;}&#8220;]<\/p>\n<h2 class=\"white upper\"><span class=\"highlighted\">Reviews<\/span><\/h2>\n<p>[\/vc_column_text][vc_tta_pageable no_fill_content_area=&#8220;true&#8220; active_section=&#8220;1&#8243;][vc_tta_section title=&#8220;Section 1&#8243; tab_id=&#8220;1673517675954-0f4f0979-0cf0&#8243;][vc_column_text]<\/p>\n<div class=\"shift-block-content\">Service excellent. Friendly service and clean. One of the main places to visit in Echternach.<br \/>\n<strong>Lex Huss, Mai 2024<\/strong><\/div>\n<p>[\/vc_column_text][\/vc_tta_section][vc_tta_section title=&#8220;Section 1&#8243; tab_id=&#8220;1715756218532-9924ab9b-b2e8&#8243;][vc_column_text]<\/p>\n<div class=\"shift-block-content\">Perfect location, outstanding kitchen, professional service and good wines.<br \/>\n<strong>Mike Hentges, Mai 2024<\/strong><\/div>\n<p>[\/vc_column_text][\/vc_tta_section][vc_tta_section title=&#8220;Section 1&#8243; tab_id=&#8220;1715756203994-d8b390aa-eaa0&#8243;][vc_column_text]<\/p>\n<div class=\"shift-block-content\">Wundersch\u00f6n eingerichtete Brasserie direkt am See. Die Speisekarte bietet sowohl f\u00fcr den kleinen als auch f\u00fcr den gro\u00dfen Hunger, so einiges. Aber auch nur auf einen Kaffee ist ein Besuch wert, das Personal ist sehr freundlich. Absolut empfehlenswert.<br \/>\n<strong>Saskia Flick, April 2024<\/strong><\/div>\n<div id=\"gtx-trans\" style=\"position: absolute; left: -7px; top: 127px;\">\n<div class=\"gtx-trans-icon\"><\/div>\n<\/div>\n<p>[\/vc_column_text][\/vc_tta_section][vc_tta_section title=&#8220;Section 1&#8243; tab_id=&#8220;1715756190163-427099c2-7016&#8243;][vc_column_text]<\/p>\n<div class=\"shift-block-content\">Top bediening, lekker en mooi uitzicht, was echt genieten&#8230;<br \/>\n<strong>Kenny en Evi Vandenbosch, M\u00e4rz 2024<\/strong><\/div>\n<div id=\"gtx-trans\" style=\"position: absolute; left: -2px; top: 55px;\">\n<div class=\"gtx-trans-icon\"><\/div>\n<\/div>\n<p>[\/vc_column_text][\/vc_tta_section][vc_tta_section title=&#8220;Section 1&#8243; tab_id=&#8220;1715756173968-0b366b3f-d2d7&#8243;][vc_column_text]<\/p>\n<div class=\"shift-block-content\">Great staff, beautiful views, cozy, extremely well decorated.<br \/>\n<strong>Miguel Marques, Februar 2024<\/strong><\/div>\n<p>[\/vc_column_text][\/vc_tta_section][vc_tta_section title=&#8220;Section 1&#8243; tab_id=&#8220;1715756152979-fd414237-c87a&#8220;][vc_column_text]<\/p>\n<div class=\"shift-block-content\">Nice place to have a cocktail at the end of the day and enjoying the views, nice decoration, modern and chic, well integrated in the nature surroundings.<br \/>\n<strong>J Andr\u00e9 Correia, September 2023<\/strong><\/div>\n<p>[\/vc_column_text][\/vc_tta_section][\/vc_tta_pageable][\/vc_column][\/vc_row][\/vc_section]<\/p>\n<\/section>","protected":false},"excerpt":{"rendered":"<p>[vc_section el_id=&#8220;home-intro&#8220;][vc_row el_class=&#8220;summer&#8220;][vc_column][vc_images_carousel images=&#8220;861,863,865,867,869&#8243; img_size=&#8220;full&#8220; onclick=&#8220;link_no&#8220; speed=&#8220;3000&#8243; autoplay=&#8220;yes&#8220; hide_pagination_control=&#8220;yes&#8220; hide_prev_next_buttons=&#8220;yes&#8220; wrap=&#8220;yes&#8220;][\/vc_column][\/vc_row][vc_row disable_element=&#8220;yes&#8220; el_class=&#8220;winter&#8220;][vc_column][vc_images_carousel images=&#8220;800,804,802,798,796&#8243; img_size=&#8220;full&#8220; onclick=&#8220;link_no&#8220; speed=&#8220;3000&#8243; autoplay=&#8220;yes&#8220; hide_pagination_control=&#8220;yes&#8220; hide_prev_next_buttons=&#8220;yes&#8220; wrap=&#8220;yes&#8220;][\/vc_column][\/vc_row][\/vc_section][vc_section el_class=&#8220;bg-sec bg-sec-left bot-mar-4&#8243; css=&#8220;.vc_custom_1673516969890{padding-top: 0px<span class=\"excerpt-hellip\"> [\u2026]<\/span><\/p>\n","protected":false},"author":1,"featured_media":0,"parent":0,"menu_order":0,"comment_status":"closed","ping_status":"closed","template":"","meta":{"footnotes":""},"class_list":["post-253","page","type-page","status-publish","hentry"],"yoast_head":"<!-- This site is optimized with the Yoast SEO plugin v20.8 - https:\/\/yoast.com\/wordpress\/plugins\/seo\/ -->\n<title>Home - Lakeside<\/title>\n<meta name=\"robots\" content=\"index, follow, max-snippet:-1, max-image-preview:large, max-video-preview:-1\" \/>\n<link rel=\"canonical\" href=\"https:\/\/lakeside.lu\/de\/\" \/>\n<meta property=\"og:locale\" content=\"de_DE\" \/>\n<meta property=\"og:type\" content=\"article\" \/>\n<meta property=\"og:title\" content=\"Home - Lakeside\" \/>\n<meta property=\"og:description\" content=\"[vc_section el_id=&#8220;home-intro&#8220;][vc_row el_class=&#8220;summer&#8220;][vc_column][vc_images_carousel images=&#8220;861,863,865,867,869&#8243; img_size=&#8220;full&#8220; onclick=&#8220;link_no&#8220; speed=&#8220;3000&#8243; autoplay=&#8220;yes&#8220; hide_pagination_control=&#8220;yes&#8220; hide_prev_next_buttons=&#8220;yes&#8220; wrap=&#8220;yes&#8220;][\/vc_column][\/vc_row][vc_row disable_element=&#8220;yes&#8220; el_class=&#8220;winter&#8220;][vc_column][vc_images_carousel images=&#8220;800,804,802,798,796&#8243; img_size=&#8220;full&#8220; onclick=&#8220;link_no&#8220; speed=&#8220;3000&#8243; autoplay=&#8220;yes&#8220; hide_pagination_control=&#8220;yes&#8220; hide_prev_next_buttons=&#8220;yes&#8220; wrap=&#8220;yes&#8220;][\/vc_column][\/vc_row][\/vc_section][vc_section el_class=&#8220;bg-sec bg-sec-left bot-mar-4&#8243; css=&#8220;.vc_custom_1673516969890{padding-top: 0px [\u2026]\" \/>\n<meta property=\"og:url\" content=\"https:\/\/lakeside.lu\/de\/\" \/>\n<meta property=\"og:site_name\" content=\"Lakeside\" \/>\n<meta property=\"article:modified_time\" content=\"2026-03-03T09:27:28+00:00\" \/>\n<meta name=\"twitter:card\" content=\"summary_large_image\" \/>\n<meta name=\"twitter:label1\" content=\"Gesch\u00e4tzte Lesezeit\" \/>\n\t<meta name=\"twitter:data1\" content=\"3\u00a0Minuten\" \/>\n<script type=\"application\/ld+json\" class=\"yoast-schema-graph\">{\"@context\":\"https:\/\/schema.org\",\"@graph\":[{\"@type\":\"WebPage\",\"@id\":\"https:\/\/lakeside.lu\/de\/\",\"url\":\"https:\/\/lakeside.lu\/de\/\",\"name\":\"Home - Lakeside\",\"isPartOf\":{\"@id\":\"https:\/\/lakeside.lu\/#website\"},\"datePublished\":\"2023-01-11T12:05:27+00:00\",\"dateModified\":\"2026-03-03T09:27:28+00:00\",\"breadcrumb\":{\"@id\":\"https:\/\/lakeside.lu\/de\/#breadcrumb\"},\"inLanguage\":\"de\",\"potentialAction\":[{\"@type\":\"ReadAction\",\"target\":[\"https:\/\/lakeside.lu\/de\/\"]}]},{\"@type\":\"BreadcrumbList\",\"@id\":\"https:\/\/lakeside.lu\/de\/#breadcrumb\",\"itemListElement\":[{\"@type\":\"ListItem\",\"position\":1,\"name\":\"Home\",\"item\":\"https:\/\/lakeside.lu\/de\/\"},{\"@type\":\"ListItem\",\"position\":2,\"name\":\"Home\"}]},{\"@type\":\"WebSite\",\"@id\":\"https:\/\/lakeside.lu\/#website\",\"url\":\"https:\/\/lakeside.lu\/\",\"name\":\"Lakeside\",\"description\":\"\",\"potentialAction\":[{\"@type\":\"SearchAction\",\"target\":{\"@type\":\"EntryPoint\",\"urlTemplate\":\"https:\/\/lakeside.lu\/?s={search_term_string}\"},\"query-input\":\"required name=search_term_string\"}],\"inLanguage\":\"de\"}]}<\/script>\n<!-- \/ Yoast SEO plugin. -->","yoast_head_json":{"title":"Home - Lakeside","robots":{"index":"index","follow":"follow","max-snippet":"max-snippet:-1","max-image-preview":"max-image-preview:large","max-video-preview":"max-video-preview:-1"},"canonical":"https:\/\/lakeside.lu\/de\/","og_locale":"de_DE","og_type":"article","og_title":"Home - Lakeside","og_description":"[vc_section el_id=&#8220;home-intro&#8220;][vc_row el_class=&#8220;summer&#8220;][vc_column][vc_images_carousel images=&#8220;861,863,865,867,869&#8243; img_size=&#8220;full&#8220; onclick=&#8220;link_no&#8220; speed=&#8220;3000&#8243; autoplay=&#8220;yes&#8220; hide_pagination_control=&#8220;yes&#8220; hide_prev_next_buttons=&#8220;yes&#8220; wrap=&#8220;yes&#8220;][\/vc_column][\/vc_row][vc_row disable_element=&#8220;yes&#8220; el_class=&#8220;winter&#8220;][vc_column][vc_images_carousel images=&#8220;800,804,802,798,796&#8243; img_size=&#8220;full&#8220; onclick=&#8220;link_no&#8220; speed=&#8220;3000&#8243; autoplay=&#8220;yes&#8220; hide_pagination_control=&#8220;yes&#8220; hide_prev_next_buttons=&#8220;yes&#8220; wrap=&#8220;yes&#8220;][\/vc_column][\/vc_row][\/vc_section][vc_section el_class=&#8220;bg-sec bg-sec-left bot-mar-4&#8243; css=&#8220;.vc_custom_1673516969890{padding-top: 0px [\u2026]","og_url":"https:\/\/lakeside.lu\/de\/","og_site_name":"Lakeside","article_modified_time":"2026-03-03T09:27:28+00:00","twitter_card":"summary_large_image","twitter_misc":{"Gesch\u00e4tzte Lesezeit":"3\u00a0Minuten"},"schema":{"@context":"https:\/\/schema.org","@graph":[{"@type":"WebPage","@id":"https:\/\/lakeside.lu\/de\/","url":"https:\/\/lakeside.lu\/de\/","name":"Home - Lakeside","isPartOf":{"@id":"https:\/\/lakeside.lu\/#website"},"datePublished":"2023-01-11T12:05:27+00:00","dateModified":"2026-03-03T09:27:28+00:00","breadcrumb":{"@id":"https:\/\/lakeside.lu\/de\/#breadcrumb"},"inLanguage":"de","potentialAction":[{"@type":"ReadAction","target":["https:\/\/lakeside.lu\/de\/"]}]},{"@type":"BreadcrumbList","@id":"https:\/\/lakeside.lu\/de\/#breadcrumb","itemListElement":[{"@type":"ListItem","position":1,"name":"Home","item":"https:\/\/lakeside.lu\/de\/"},{"@type":"ListItem","position":2,"name":"Home"}]},{"@type":"WebSite","@id":"https:\/\/lakeside.lu\/#website","url":"https:\/\/lakeside.lu\/","name":"Lakeside","description":"","potentialAction":[{"@type":"SearchAction","target":{"@type":"EntryPoint","urlTemplate":"https:\/\/lakeside.lu\/?s={search_term_string}"},"query-input":"required name=search_term_string"}],"inLanguage":"de"}]}},"_links":{"self":[{"href":"https:\/\/lakeside.lu\/de\/wp-json\/wp\/v2\/pages\/253","targetHints":{"allow":["GET"]}}],"collection":[{"href":"https:\/\/lakeside.lu\/de\/wp-json\/wp\/v2\/pages"}],"about":[{"href":"https:\/\/lakeside.lu\/de\/wp-json\/wp\/v2\/types\/page"}],"author":[{"embeddable":true,"href":"https:\/\/lakeside.lu\/de\/wp-json\/wp\/v2\/users\/1"}],"replies":[{"embeddable":true,"href":"https:\/\/lakeside.lu\/de\/wp-json\/wp\/v2\/comments?post=253"}],"version-history":[{"count":28,"href":"https:\/\/lakeside.lu\/de\/wp-json\/wp\/v2\/pages\/253\/revisions"}],"predecessor-version":[{"id":1074,"href":"https:\/\/lakeside.lu\/de\/wp-json\/wp\/v2\/pages\/253\/revisions\/1074"}],"wp:attachment":[{"href":"https:\/\/lakeside.lu\/de\/wp-json\/wp\/v2\/media?parent=253"}],"curies":[{"name":"wp","href":"https:\/\/api.w.org\/{rel}","templated":true}]}}